{"id":33371171,"date":"2021-03-24T12:07:00","date_gmt":"2021-03-24T09:07:00","guid":{"rendered":"https:\/\/www.cesamakina.com\/kurumsal\/genel-mudurumuzden-mesaj\/"},"modified":"2021-03-24T12:07:00","modified_gmt":"2021-03-24T09:07:00","slug":"genel-mudurumuzden-mesaj","status":"publish","type":"page","link":"https:\/\/www.cesamakina.com\/en\/kurumsal\/genel-mudurumuzden-mesaj\/","title":{"rendered":"Genel M\u00fcd\u00fcr\u00fcm\u00fczden Mesaj"},"content":{"rendered":"<p>{&#8220;main-title&#8221;:{&#8220;component&#8221;:&#8221;hc_title&#8221;,&#8221;id&#8221;:&#8221;main-title&#8221;,&#8221;title&#8221;:&#8221;Genel M\u00fcd\u00fcr\u00fcm\u00fczden Mesaj&#8221;,&#8221;subtitle&#8221;:&#8221;&#8221;,&#8221;title_content&#8221;:{&#8220;component&#8221;:&#8221;hc_title_empty&#8221;,&#8221;id&#8221;:&#8221;title-empty&#8221;}},&#8221;section_r56Od&#8221;:{&#8220;component&#8221;:&#8221;hc_section&#8221;,&#8221;id&#8221;:&#8221;section_r56Od&#8221;,&#8221;section_width&#8221;:&#8221;&#8221;,&#8221;animation&#8221;:&#8221;&#8221;,&#8221;animation_time&#8221;:&#8221;&#8221;,&#8221;timeline_animation&#8221;:&#8221;&#8221;,&#8221;timeline_delay&#8221;:&#8221;&#8221;,&#8221;timeline_order&#8221;:&#8221;&#8221;,&#8221;vertical_row&#8221;:&#8221;&#8221;,&#8221;box_middle&#8221;:&#8221;&#8221;,&#8221;css_classes&#8221;:&#8221;white &#8220;,&#8221;custom_css_classes&#8221;:&#8221;&#8221;,&#8221;custom_css_styles&#8221;:&#8221;&#8221;,&#8221;section_content&#8221;:[{&#8220;component&#8221;:&#8221;hc_column&#8221;,&#8221;id&#8221;:&#8221;column_I2gpo&#8221;,&#8221;column_width&#8221;:&#8221;col-md-7&#8243;,&#8221;animation&#8221;:&#8221;&#8221;,&#8221;animation_time&#8221;:&#8221;&#8221;,&#8221;timeline_animation&#8221;:&#8221;&#8221;,&#8221;timeline_delay&#8221;:&#8221;&#8221;,&#8221;timeline_order&#8221;:&#8221;&#8221;,&#8221;css_classes&#8221;:&#8221;&#8221;,&#8221;custom_css_classes&#8221;:&#8221;&#8221;,&#8221;custom_css_styles&#8221;:&#8221;&#8221;,&#8221;main_content&#8221;:[{&#8220;component&#8221;:&#8221;hc_title_tag&#8221;,&#8221;id&#8221;:&#8221;mzyat&#8221;,&#8221;css_classes&#8221;:&#8221;&#8221;,&#8221;custom_css_classes&#8221;:&#8221;&#8221;,&#8221;custom_css_styles&#8221;:&#8221;&#8221;,&#8221;text&#8221;:&#8221;Genel M\u00fcd\u00fcr\u00fcm\u00fczden Mesaj&#8221;,&#8221;tag&#8221;:&#8221;h1&#8243;}]},{&#8220;component&#8221;:&#8221;hc_column&#8221;,&#8221;id&#8221;:&#8221;column_dIeIg&#8221;,&#8221;column_width&#8221;:&#8221;col-md-5&#8243;,&#8221;animation&#8221;:&#8221;&#8221;,&#8221;animation_time&#8221;:&#8221;&#8221;,&#8221;timeline_animation&#8221;:&#8221;&#8221;,&#8221;timeline_delay&#8221;:&#8221;&#8221;,&#8221;timeline_order&#8221;:&#8221;&#8221;,&#8221;css_classes&#8221;:&#8221;hidden-sm &#8220;,&#8221;custom_css_classes&#8221;:&#8221;&#8221;,&#8221;custom_css_styles&#8221;:&#8221;&#8221;,&#8221;main_content&#8221;:[{&#8220;component&#8221;:&#8221;hc_breadcrumbs&#8221;,&#8221;id&#8221;:&#8221;VAhc8&#8243;,&#8221;css_classes&#8221;:&#8221;&#8221;,&#8221;custom_css_classes&#8221;:&#8221;&#8221;,&#8221;custom_css_styles&#8221;:&#8221;&#8221;,&#8221;position&#8221;:&#8221;&#8221;}]}],&#8221;section_settings&#8221;:{&#8220;component&#8221;:&#8221;hc_section_image&#8221;,&#8221;id&#8221;:&#8221;section-image&#8221;,&#8221;image&#8221;:&#8221;https:\/\/www.cesamakina.com\/wp-content\/uploads\/2021\/03\/Es-Yollari-FOOT-ES-Roller-2-1024&#215;684.jpg|700|1048|33368567&#8243;,&#8221;full_screen&#8221;:false,&#8221;full_screen_height&#8221;:&#8221;&#8221;,&#8221;parallax&#8221;:true,&#8221;bleed&#8221;:&#8221;0&#8243;,&#8221;ken_burn&#8221;:&#8221;&#8221;,&#8221;bg_pos&#8221;:&#8221;&#8221;,&#8221;overlay&#8221;:&#8221;transparent-dark&#8221;}},&#8221;section_5ZtkF&#8221;:{&#8220;component&#8221;:&#8221;hc_section&#8221;,&#8221;id&#8221;:&#8221;section_5ZtkF&#8221;,&#8221;section_width&#8221;:&#8221;&#8221;,&#8221;animation&#8221;:&#8221;&#8221;,&#8221;animation_time&#8221;:&#8221;&#8221;,&#8221;timeline_animation&#8221;:&#8221;&#8221;,&#8221;timeline_delay&#8221;:&#8221;&#8221;,&#8221;timeline_order&#8221;:&#8221;&#8221;,&#8221;vertical_row&#8221;:&#8221;&#8221;,&#8221;box_middle&#8221;:&#8221;&#8221;,&#8221;css_classes&#8221;:&#8221;&#8221;,&#8221;custom_css_classes&#8221;:&#8221;&#8221;,&#8221;custom_css_styles&#8221;:&#8221;&#8221;,&#8221;section_content&#8221;:[{&#8220;component&#8221;:&#8221;hc_column&#8221;,&#8221;id&#8221;:&#8221;column_WtMXQ&#8221;,&#8221;column_width&#8221;:&#8221;col-md-3&#8243;,&#8221;animation&#8221;:&#8221;&#8221;,&#8221;animation_time&#8221;:&#8221;&#8221;,&#8221;timeline_animation&#8221;:&#8221;&#8221;,&#8221;timeline_delay&#8221;:&#8221;&#8221;,&#8221;timeline_order&#8221;:&#8221;&#8221;,&#8221;css_classes&#8221;:&#8221;col-sm-12 &#8220;,&#8221;custom_css_classes&#8221;:&#8221;&#8221;,&#8221;custom_css_styles&#8221;:&#8221;&#8221;,&#8221;main_content&#8221;:[{&#8220;component&#8221;:&#8221;hc_space&#8221;,&#8221;id&#8221;:&#8221;PIEDp&#8221;,&#8221;css_classes&#8221;:&#8221;&#8221;,&#8221;custom_css_classes&#8221;:&#8221;&#8221;,&#8221;custom_css_styles&#8221;:&#8221;&#8221;,&#8221;size&#8221;:&#8221;m&#8221;,&#8221;height&#8221;:&#8221;&#8221;},{&#8220;component&#8221;:&#8221;hc_inner_menu&#8221;,&#8221;id&#8221;:&#8221;lwV1c&#8221;,&#8221;css_classes&#8221;:&#8221;&#8221;,&#8221;custom_css_classes&#8221;:&#8221;&#8221;,&#8221;custom_css_styles&#8221;:&#8221;&#8221;,&#8221;rows&#8221;:[{&#8220;component&#8221;:&#8221;repeater_item&#8221;,&#8221;id&#8221;:&#8221;XMV0k&#8221;,&#8221;child&#8221;:&#8221;&#8221;,&#8221;icon&#8221;:&#8221;&#8221;,&#8221;text&#8221;:&#8221;HAKKIMIZDA&#8221;,&#8221;link&#8221;:&#8221;https:\/\/www.cesamakina.com\/kurumsal\/hakkimizda\/&#8221;},{&#8220;component&#8221;:&#8221;repeater_item&#8221;,&#8221;id&#8221;:&#8221;nHU9a&#8221;,&#8221;child&#8221;:&#8221;&#8221;,&#8221;icon&#8221;:&#8221;&#8221;,&#8221;text&#8221;:&#8221;GENEL M\u00dcD\u00dcR\u00dcM\u00dcZDEN&#8221;,&#8221;link&#8221;:&#8221;https:\/\/www.cesamakina.com\/kurumsal\/genel-mudurumuzden-mesaj\/&#8221;},{&#8220;component&#8221;:&#8221;repeater_item&#8221;,&#8221;id&#8221;:&#8221;QY0xZ&#8221;,&#8221;child&#8221;:&#8221;&#8221;,&#8221;icon&#8221;:&#8221;&#8221;,&#8221;text&#8221;:&#8221;M\u0130SYON &#038; V\u0130ZYON&#8221;,&#8221;link&#8221;:&#8221;https:\/\/www.cesamakina.com\/kurumsal\/misyon-vizyon\/&#8221;},{&#8220;component&#8221;:&#8221;repeater_item&#8221;,&#8221;id&#8221;:&#8221;eVYh6&#8243;,&#8221;child&#8221;:&#8221;&#8221;,&#8221;icon&#8221;:&#8221;&#8221;,&#8221;text&#8221;:&#8221;DE\u011eERLER\u0130M\u0130Z&#8221;,&#8221;link&#8221;:&#8221;https:\/\/www.cesamakina.com\/kurumsal\/degerlerimiz\/&#8221;},{&#8220;component&#8221;:&#8221;repeater_item&#8221;,&#8221;id&#8221;:&#8221;LQm0x&#8221;,&#8221;child&#8221;:&#8221;&#8221;,&#8221;icon&#8221;:&#8221;&#8221;,&#8221;text&#8221;:&#8221;\u00d6NCEL\u0130KLER\u0130M\u0130Z&#8221;,&#8221;link&#8221;:&#8221;https:\/\/www.cesamakina.com\/kurumsal\/onceliklerimiz\/&#8221;},{&#8220;component&#8221;:&#8221;repeater_item&#8221;,&#8221;id&#8221;:&#8221;XZqP8&#8243;,&#8221;child&#8221;:&#8221;&#8221;,&#8221;icon&#8221;:&#8221;&#8221;,&#8221;text&#8221;:&#8221;\u00c7EVRE POL\u0130T\u0130KAMIZ&#8221;,&#8221;link&#8221;:&#8221;https:\/\/www.cesamakina.com\/kurumsal\/cevre-politikamiz\/&#8221;},{&#8220;component&#8221;:&#8221;repeater_item&#8221;,&#8221;id&#8221;:&#8221;ZuzAa&#8221;,&#8221;child&#8221;:&#8221;&#8221;,&#8221;icon&#8221;:&#8221;&#8221;,&#8221;text&#8221;:&#8221;KVKK&#8221;,&#8221;link&#8221;:&#8221;https:\/\/www.cesamakina.com\/kurumsal\/kvkk\/&#8221;}],&#8221;type&#8221;:&#8221;vertical&#8221;,&#8221;style&#8221;:&#8221;&#8221;,&#8221;alignment&#8221;:&#8221;&#8221;,&#8221;one_page&#8221;:false}]},{&#8220;component&#8221;:&#8221;hc_column&#8221;,&#8221;id&#8221;:&#8221;column_Bil97&#8243;,&#8221;column_width&#8221;:&#8221;col-md-9&#8243;,&#8221;animation&#8221;:&#8221;&#8221;,&#8221;animation_time&#8221;:&#8221;&#8221;,&#8221;timeline_animation&#8221;:&#8221;&#8221;,&#8221;timeline_delay&#8221;:&#8221;&#8221;,&#8221;timeline_order&#8221;:&#8221;&#8221;,&#8221;css_classes&#8221;:&#8221;boxed-inverse &#8220;,&#8221;custom_css_classes&#8221;:&#8221;&#8221;,&#8221;custom_css_styles&#8221;:&#8221;&#8221;,&#8221;main_content&#8221;:[{&#8220;component&#8221;:&#8221;hc_column&#8221;,&#8221;id&#8221;:&#8221;column_lVlZO&#8221;,&#8221;column_width&#8221;:&#8221;col-md-8&#8243;,&#8221;animation&#8221;:&#8221;&#8221;,&#8221;animation_time&#8221;:&#8221;&#8221;,&#8221;timeline_animation&#8221;:&#8221;&#8221;,&#8221;timeline_delay&#8221;:&#8221;&#8221;,&#8221;timeline_order&#8221;:&#8221;&#8221;,&#8221;css_classes&#8221;:&#8221;col-sm-6 &#8220;,&#8221;custom_css_classes&#8221;:&#8221;&#8221;,&#8221;custom_css_styles&#8221;:&#8221;&#8221;,&#8221;main_content&#8221;:[{&#8220;component&#8221;:&#8221;hc_space&#8221;,&#8221;id&#8221;:&#8221;okmmt&#8221;,&#8221;css_classes&#8221;:&#8221;&#8221;,&#8221;custom_css_classes&#8221;:&#8221;&#8221;,&#8221;custom_css_styles&#8221;:&#8221;&#8221;,&#8221;size&#8221;:&#8221;xs&#8221;,&#8221;height&#8221;:&#8221;&#8221;},{&#8220;component&#8221;:&#8221;hc_title_tag&#8221;,&#8221;id&#8221;:&#8221;spbP4&#8243;,&#8221;css_classes&#8221;:&#8221;&#8221;,&#8221;custom_css_classes&#8221;:&#8221;&#8221;,&#8221;custom_css_styles&#8221;:&#8221;&#8221;,&#8221;text&#8221;:&#8221;Cesa Makina&#8221;,&#8221;tag&#8221;:&#8221;h2&#8243;},{&#8220;component&#8221;:&#8221;hc_space&#8221;,&#8221;id&#8221;:&#8221;0ZlDm&#8221;,&#8221;css_classes&#8221;:&#8221;&#8221;,&#8221;custom_css_classes&#8221;:&#8221;&#8221;,&#8221;custom_css_styles&#8221;:&#8221;&#8221;,&#8221;size&#8221;:&#8221;s&#8221;,&#8221;height&#8221;:&#8221;&#8221;},{&#8220;component&#8221;:&#8221;hc_separator&#8221;,&#8221;id&#8221;:&#8221;F9WNk&#8221;,&#8221;css_classes&#8221;:&#8221;&#8221;,&#8221;custom_css_classes&#8221;:&#8221;&#8221;,&#8221;custom_css_styles&#8221;:&#8221;&#8221;,&#8221;style&#8221;:&#8221;&#8221;},{&#8220;component&#8221;:&#8221;hc_wp_editor&#8221;,&#8221;id&#8221;:&#8221;tnwUO&#8221;,&#8221;css_classes&#8221;:&#8221;&#8221;,&#8221;custom_css_classes&#8221;:&#8221;&#8221;,&#8221;custom_css_styles&#8221;:&#8221;&#8221;,&#8221;editor_content&#8221;:&#8221;De\u011ferli Sanayicilerimiz \u00fclkemizin b\u00fcy\u00fcmesinde, geli\u015fmesinde ve ilerlemesinde eme\u011fi olan b\u00fct\u00fcn \u00fcreten insan\u0131m\u0131za i\u015f g\u00fcc\u00fcm\u00fcze, \u00fcretmek i\u00e7in seferber olmu\u015f herkese minnettar\u0131m. Bu d\u00fc\u015f\u00fcncede olan herkese sayg\u0131 duyuyorum.\\n\\nHepimizin bildi\u011fi \u00fczere \u00fcretmeyen, \u00e7al\u0131\u015fmayan haz\u0131r\u0131 t\u00fcketen \u00fclkeler, toplumlar er ya da ge\u00e7 t\u00fckenmek zorundad\u0131rlar. Biz de CESA MAK\u0130NA olarak 20 y\u0131l\u0131 a\u015fk\u0131n bir zamand\u0131r kendimizi \u00fcretmeye \u00e7al\u0131\u015fmaya \u00fclkemize de\u011fer katmaya istihdam sa\u011flamaya adamaktan gururluyuz.\\n20 y\u0131ld\u0131r kendimizi geli\u015ftirebilmek i\u00e7in \u00e7ok \u00e7al\u0131\u015ft\u0131k \u00e7ok \u00e7aba g\u00f6sterdik. \u00dcretim yapt\u0131\u011f\u0131m\u0131z \u00fclkelere bakt\u0131\u011f\u0131m\u0131zda D\u00fcnya ekonomisine y\u00f6n veren \u00fclkeler oldu\u011funu g\u00f6r\u00fcyoruz. Tedarik\u00e7isi oldu\u011fumuz \u015firketler ise D\u00fcnya \u00e7ap\u0131nda Global \u015firketler oldu\u011funu g\u00f6r\u00fcyoruz ve bundan dolay\u0131 \u00e7ok gururluyuz. Bu ba\u015far\u0131y\u0131 da istikrarl\u0131 \u00e7al\u0131\u015fmaya m\u00fc\u015fterilerimize tedarik\u00e7ilerimize \u00e7al\u0131\u015fanlar\u0131m\u0131za kar\u015f\u0131 d\u00fcr\u00fcst oldu\u011fumuzdan dolay\u0131 kazand\u0131\u011f\u0131m\u0131z\u0131 biliyoruz. \u0130malat\u0131n\u0131 yapt\u0131\u011f\u0131m\u0131z \u00fcr\u00fcnlerin sonuna kadar arkas\u0131nday\u0131z.\\n\\nM\u00fc\u015fterilerimizin sorunlar\u0131n\u0131 \u00e7\u00f6zebilmek i\u00e7in elimizden gelen b\u00fct\u00fcn gayreti ve \u00e7abay\u0131 g\u00f6steriyoruz. Bunun i\u00e7indir ki m\u00fc\u015fterilerimiz, tedarik\u00e7ilerimiz ve \u00e7al\u0131\u015fanlar\u0131m\u0131z ile beraber Kocaman bir Aile gibiyiz.\\n\u0130\u015fine sayg\u0131 duyan \u00e7al\u0131\u015fanlar\u0131m\u0131z oldu\u011fu i\u00e7in hepsine ayr\u0131 ayr\u0131 te\u015fekk\u00fcr ediyorum. \u00dclkesini seven i\u015fini seven samimi olan kar\u015f\u0131s\u0131ndaki insanlara sayg\u0131 duyan b\u00fct\u00fcn insanlara minnettar\u0131m, sa\u011fl\u0131kl\u0131 kal\u0131n, mutlu kal\u0131n, Te\u015fekk\u00fcr ediyorum.&#8221;},{&#8220;component&#8221;:&#8221;hc_separator&#8221;,&#8221;id&#8221;:&#8221;q0Ava&#8221;,&#8221;css_classes&#8221;:&#8221;&#8221;,&#8221;custom_css_classes&#8221;:&#8221;&#8221;,&#8221;custom_css_styles&#8221;:&#8221;&#8221;,&#8221;style&#8221;:&#8221;&#8221;},{&#8220;component&#8221;:&#8221;hc_title_tag&#8221;,&#8221;id&#8221;:&#8221;pxASD&#8221;,&#8221;css_classes&#8221;:&#8221;&#8221;,&#8221;custom_css_classes&#8221;:&#8221;&#8221;,&#8221;custom_css_styles&#8221;:&#8221;&#8221;,&#8221;text&#8221;:&#8221;Sayg\u0131lar\u0131mla&#8221;,&#8221;tag&#8221;:&#8221;h6&#8243;},{&#8220;component&#8221;:&#8221;hc_title_tag&#8221;,&#8221;id&#8221;:&#8221;ES3bN&#8221;,&#8221;css_classes&#8221;:&#8221;&#8221;,&#8221;custom_css_classes&#8221;:&#8221;&#8221;,&#8221;custom_css_styles&#8221;:&#8221;&#8221;,&#8221;text&#8221;:&#8221;<b>Saim Kahraman<\/b>&#8220;,&#8221;tag&#8221;:&#8221;h3&#8243;},{&#8220;component&#8221;:&#8221;hc_title_tag&#8221;,&#8221;id&#8221;:&#8221;vlrTh&#8221;,&#8221;css_classes&#8221;:&#8221;text-color text-s &#8220;,&#8221;custom_css_classes&#8221;:&#8221;&#8221;,&#8221;custom_css_styles&#8221;:&#8221;&#8221;,&#8221;text&#8221;:&#8221;CEO&#8221;,&#8221;tag&#8221;:&#8221;h3&#8243;}]},{&#8220;component&#8221;:&#8221;hc_column&#8221;,&#8221;id&#8221;:&#8221;column_kOLLp&#8221;,&#8221;column_width&#8221;:&#8221;col-md-4&#8243;,&#8221;animation&#8221;:&#8221;&#8221;,&#8221;animation_time&#8221;:&#8221;&#8221;,&#8221;timeline_animation&#8221;:&#8221;&#8221;,&#8221;timeline_delay&#8221;:&#8221;&#8221;,&#8221;timeline_order&#8221;:&#8221;&#8221;,&#8221;css_classes&#8221;:&#8221;pull-right col-sm-6 &#8220;,&#8221;custom_css_classes&#8221;:&#8221;&#8221;,&#8221;custom_css_styles&#8221;:&#8221;&#8221;,&#8221;main_content&#8221;:[{&#8220;component&#8221;:&#8221;hc_space&#8221;,&#8221;id&#8221;:&#8221;3gohW&#8221;,&#8221;css_classes&#8221;:&#8221;&#8221;,&#8221;custom_css_classes&#8221;:&#8221;&#8221;,&#8221;custom_css_styles&#8221;:&#8221;&#8221;,&#8221;size&#8221;:&#8221;xs&#8221;,&#8221;height&#8221;:&#8221;&#8221;},{&#8220;component&#8221;:&#8221;hc_image_box&#8221;,&#8221;id&#8221;:&#8221;CwDAN&#8221;,&#8221;css_classes&#8221;:&#8221;&#8221;,&#8221;custom_css_classes&#8221;:&#8221;&#8221;,&#8221;custom_css_styles&#8221;:&#8221;&#8221;,&#8221;image&#8221;:&#8221;https:\/\/www.cesamakina.com\/wp-content\/uploads\/2021\/04\/Saim-Kahraman-683&#215;1024.jpg|1920|1280|33371062&#8243;,&#8221;link_type&#8221;:&#8221;lightbox&#8221;,&#8221;lightbox_animation&#8221;:&#8221;fade-in&#8221;,&#8221;caption&#8221;:&#8221;&#8221;,&#8221;inner_caption&#8221;:false,&#8221;new_window&#8221;:false,&#8221;link&#8221;:&#8221;https:\/\/www.cesamakina.com\/wp-content\/uploads\/2021\/04\/Saim-Kahraman-683&#215;1024.jpg&#8221;,&#8221;link_content&#8221;:[],&#8221;lightbox_size&#8221;:&#8221;&#8221;,&#8221;scrollbox&#8221;:false,&#8221;icon&#8221;:&#8221;&#8221;,&#8221;style&#8221;:&#8221;square_thumbnail&#8221;,&#8221;icon_position&#8221;:&#8221;&#8221;,&#8221;image_animation&#8221;:&#8221;&#8221;,&#8221;icon_animation&#8221;:&#8221;&#8221;,&#8221;thumb_size&#8221;:&#8221;large&#8221;,&#8221;icon_hidden&#8221;:true,&#8221;img_box_inner_caption&#8221;:true,&#8221;caption_img_box&#8221;:&#8221;&#8221;,&#8221;alt&#8221;:&#8221;&#8221;}]}]}],&#8221;section_settings&#8221;:&#8221;&#8221;},&#8221;scripts&#8221;:{&#8220;parallax&#8221;:&#8221;parallax.min.js&#8221;,&#8221;lightbox&#8221;:&#8221;jquery.magnific-popup.min.js&#8221;},&#8221;css&#8221;:{&#8220;lightbox&#8221;:&#8221;scripts\/magnific-popup.css&#8221;},&#8221;css_page&#8221;:&#8221;    [class*=\\&#8221;col-md-\\&#8221;].boxed, [class*=\\&#8221;col-md-\\&#8221;].boxed-inverse {\\n        margin: 0 15px;\\n    }&#8221;,&#8221;template_setting&#8221;:{&#8220;settings&#8221;:{&#8220;id&#8221;:&#8221;settings&#8221;}},&#8221;template_setting_top&#8221;:{},&#8221;page_setting&#8221;:{&#8220;settings&#8221;:[&#8220;lock-mode-off&#8221;,&#8221;inner_menu&#8221;]}}<\/p>\n","protected":false},"excerpt":{"rendered":"<p>{&#8220;main-title&#8221;:{&#8220;component&#8221;:&#8221;hc_title&#8221;,&#8221;id&#8221;:&#8221;main-title&#8221;,&#8221;title&#8221;:&#8221;Genel M\u00fcd\u00fcr\u00fcm\u00fczden Mesaj&#8221;,&#8221;subtitle&#8221;:&#8221;&#8221;,&#8221;title_content&#8221;:{&#8220;component&#8221;:&#8221;hc_title_empty&#8221;,&#8221;id&#8221;:&#8221;title-empty&#8221;}},&#8221;section_r56Od&#8221;:{&#8220;component&#8221;:&#8221;hc_section&#8221;,&#8221;id&#8221;:&#8221;section_r56Od&#8221;,&#8221;section_width&#8221;:&#8221;&#8221;,&#8221;animation&#8221;:&#8221;&#8221;,&#8221;animation_time&#8221;:&#8221;&#8221;,&#8221;timeline_animation&#8221;:&#8221;&#8221;,&#8221;timeline_delay&#8221;:&#8221;&#8221;,&#8221;timeline_order&#8221;:&#8221;&#8221;,&#8221;vertical_row&#8221;:&#8221;&#8221;,&#8221;box_middle&#8221;:&#8221;&#8221;,&#8221;css_classes&#8221;:&#8221;white &#8220;,&#8221;custom_css_classes&#8221;:&#8221;&#8221;,&#8221;custom_css_styles&#8221;:&#8221;&#8221;,&#8221;section_content&#8221;:[{&#8220;component&#8221;:&#8221;hc_column&#8221;,&#8221;id&#8221;:&#8221;column_I2gpo&#8221;,&#8221;column_width&#8221;:&#8221;col-md-7&#8243;,&#8221;animation&#8221;:&#8221;&#8221;,&#8221;animation_time&#8221;:&#8221;&#8221;,&#8221;timeline_animation&#8221;:&#8221;&#8221;,&#8221;timeline_delay&#8221;:&#8221;&#8221;,&#8221;timeline_order&#8221;:&#8221;&#8221;,&#8221;css_classes&#8221;:&#8221;&#8221;,&#8221;custom_css_classes&#8221;:&#8221;&#8221;,&#8221;custom_css_styles&#8221;:&#8221;&#8221;,&#8221;main_content&#8221;:[{&#8220;component&#8221;:&#8221;hc_title_tag&#8221;,&#8221;id&#8221;:&#8221;mzyat&#8221;,&#8221;css_classes&#8221;:&#8221;&#8221;,&#8221;custom_css_classes&#8221;:&#8221;&#8221;,&#8221;custom_css_styles&#8221;:&#8221;&#8221;,&#8221;text&#8221;:&#8221;Genel M\u00fcd\u00fcr\u00fcm\u00fczden Mesaj&#8221;,&#8221;tag&#8221;:&#8221;h1&#8243;}]},{&#8220;component&#8221;:&#8221;hc_column&#8221;,&#8221;id&#8221;:&#8221;column_dIeIg&#8221;,&#8221;column_width&#8221;:&#8221;col-md-5&#8243;,&#8221;animation&#8221;:&#8221;&#8221;,&#8221;animation_time&#8221;:&#8221;&#8221;,&#8221;timeline_animation&#8221;:&#8221;&#8221;,&#8221;timeline_delay&#8221;:&#8221;&#8221;,&#8221;timeline_order&#8221;:&#8221;&#8221;,&#8221;css_classes&#8221;:&#8221;hidden-sm &#8220;,&#8221;custom_css_classes&#8221;:&#8221;&#8221;,&#8221;custom_css_styles&#8221;:&#8221;&#8221;,&#8221;main_content&#8221;:[{&#8220;component&#8221;:&#8221;hc_breadcrumbs&#8221;,&#8221;id&#8221;:&#8221;VAhc8&#8243;,&#8221;css_classes&#8221;:&#8221;&#8221;,&#8221;custom_css_classes&#8221;:&#8221;&#8221;,&#8221;custom_css_styles&#8221;:&#8221;&#8221;,&#8221;position&#8221;:&#8221;&#8221;}]}],&#8221;section_settings&#8221;:{&#8220;component&#8221;:&#8221;hc_section_image&#8221;,&#8221;id&#8221;:&#8221;section-image&#8221;,&#8221;image&#8221;:&#8221;https:\/\/www.cesamakina.com\/wp-content\/uploads\/2021\/03\/Es-Yollari-FOOT-ES-Roller-2-1024&#215;684.jpg|700|1048|33368567&#8243;,&#8221;full_screen&#8221;:false,&#8221;full_screen_height&#8221;:&#8221;&#8221;,&#8221;parallax&#8221;:true,&#8221;bleed&#8221;:&#8221;0&#8243;,&#8221;ken_burn&#8221;:&#8221;&#8221;,&#8221;bg_pos&#8221;:&#8221;&#8221;,&#8221;overlay&#8221;:&#8221;transparent-dark&#8221;}},&#8221;section_5ZtkF&#8221;:{&#8220;component&#8221;:&#8221;hc_section&#8221;,&#8221;id&#8221;:&#8221;section_5ZtkF&#8221;,&#8221;section_width&#8221;:&#8221;&#8221;,&#8221;animation&#8221;:&#8221;&#8221;,&#8221;animation_time&#8221;:&#8221;&#8221;,&#8221;timeline_animation&#8221;:&#8221;&#8221;,&#8221;timeline_delay&#8221;:&#8221;&#8221;,&#8221;timeline_order&#8221;:&#8221;&#8221;,&#8221;vertical_row&#8221;:&#8221;&#8221;,&#8221;box_middle&#8221;:&#8221;&#8221;,&#8221;css_classes&#8221;:&#8221;&#8221;,&#8221;custom_css_classes&#8221;:&#8221;&#8221;,&#8221;custom_css_styles&#8221;:&#8221;&#8221;,&#8221;section_content&#8221;:[{&#8220;component&#8221;:&#8221;hc_column&#8221;,&#8221;id&#8221;:&#8221;column_WtMXQ&#8221;,&#8221;column_width&#8221;:&#8221;col-md-3&#8243;,&#8221;animation&#8221;:&#8221;&#8221;,&#8221;animation_time&#8221;:&#8221;&#8221;,&#8221;timeline_animation&#8221;:&#8221;&#8221;,&#8221;timeline_delay&#8221;:&#8221;&#8221;,&#8221;timeline_order&#8221;:&#8221;&#8221;,&#8221;css_classes&#8221;:&#8221;col-sm-12 &#8220;,&#8221;custom_css_classes&#8221;:&#8221;&#8221;,&#8221;custom_css_styles&#8221;:&#8221;&#8221;,&#8221;main_content&#8221;:[{&#8220;component&#8221;:&#8221;hc_space&#8221;,&#8221;id&#8221;:&#8221;PIEDp&#8221;,&#8221;css_classes&#8221;:&#8221;&#8221;,&#8221;custom_css_classes&#8221;:&#8221;&#8221;,&#8221;custom_css_styles&#8221;:&#8221;&#8221;,&#8221;size&#8221;:&#8221;m&#8221;,&#8221;height&#8221;:&#8221;&#8221;},{&#8220;component&#8221;:&#8221;hc_inner_menu&#8221;,&#8221;id&#8221;:&#8221;lwV1c&#8221;,&#8221;css_classes&#8221;:&#8221;&#8221;,&#8221;custom_css_classes&#8221;:&#8221;&#8221;,&#8221;custom_css_styles&#8221;:&#8221;&#8221;,&#8221;rows&#8221;:[{&#8220;component&#8221;:&#8221;repeater_item&#8221;,&#8221;id&#8221;:&#8221;XMV0k&#8221;,&#8221;child&#8221;:&#8221;&#8221;,&#8221;icon&#8221;:&#8221;&#8221;,&#8221;text&#8221;:&#8221;HAKKIMIZDA&#8221;,&#8221;link&#8221;:&#8221;https:\/\/www.cesamakina.com\/kurumsal\/hakkimizda\/&#8221;},{&#8220;component&#8221;:&#8221;repeater_item&#8221;,&#8221;id&#8221;:&#8221;nHU9a&#8221;,&#8221;child&#8221;:&#8221;&#8221;,&#8221;icon&#8221;:&#8221;&#8221;,&#8221;text&#8221;:&#8221;GENEL M\u00dcD\u00dcR\u00dcM\u00dcZDEN&#8221;,&#8221;link&#8221;:&#8221;https:\/\/www.cesamakina.com\/kurumsal\/genel-mudurumuzden-mesaj\/&#8221;},{&#8220;component&#8221;:&#8221;repeater_item&#8221;,&#8221;id&#8221;:&#8221;QY0xZ&#8221;,&#8221;child&#8221;:&#8221;&#8221;,&#8221;icon&#8221;:&#8221;&#8221;,&#8221;text&#8221;:&#8221;M\u0130SYON &#038; V\u0130ZYON&#8221;,&#8221;link&#8221;:&#8221;https:\/\/www.cesamakina.com\/kurumsal\/misyon-vizyon\/&#8221;},{&#8220;component&#8221;:&#8221;repeater_item&#8221;,&#8221;id&#8221;:&#8221;eVYh6&#8243;,&#8221;child&#8221;:&#8221;&#8221;,&#8221;icon&#8221;:&#8221;&#8221;,&#8221;text&#8221;:&#8221;DE\u011eERLER\u0130M\u0130Z&#8221;,&#8221;link&#8221;:&#8221;https:\/\/www.cesamakina.com\/kurumsal\/degerlerimiz\/&#8221;},{&#8220;component&#8221;:&#8221;repeater_item&#8221;,&#8221;id&#8221;:&#8221;LQm0x&#8221;,&#8221;child&#8221;:&#8221;&#8221;,&#8221;icon&#8221;:&#8221;&#8221;,&#8221;text&#8221;:&#8221;\u00d6NCEL\u0130KLER\u0130M\u0130Z&#8221;,&#8221;link&#8221;:&#8221;https:\/\/www.cesamakina.com\/kurumsal\/onceliklerimiz\/&#8221;},{&#8220;component&#8221;:&#8221;repeater_item&#8221;,&#8221;id&#8221;:&#8221;XZqP8&#8243;,&#8221;child&#8221;:&#8221;&#8221;,&#8221;icon&#8221;:&#8221;&#8221;,&#8221;text&#8221;:&#8221;\u00c7EVRE POL\u0130T\u0130KAMIZ&#8221;,&#8221;link&#8221;:&#8221;https:\/\/www.cesamakina.com\/kurumsal\/cevre-politikamiz\/&#8221;},{&#8220;component&#8221;:&#8221;repeater_item&#8221;,&#8221;id&#8221;:&#8221;ZuzAa&#8221;,&#8221;child&#8221;:&#8221;&#8221;,&#8221;icon&#8221;:&#8221;&#8221;,&#8221;text&#8221;:&#8221;KVKK&#8221;,&#8221;link&#8221;:&#8221;https:\/\/www.cesamakina.com\/kurumsal\/kvkk\/&#8221;}],&#8221;type&#8221;:&#8221;vertical&#8221;,&#8221;style&#8221;:&#8221;&#8221;,&#8221;alignment&#8221;:&#8221;&#8221;,&#8221;one_page&#8221;:false}]},{&#8220;component&#8221;:&#8221;hc_column&#8221;,&#8221;id&#8221;:&#8221;column_Bil97&#8243;,&#8221;column_width&#8221;:&#8221;col-md-9&#8243;,&#8221;animation&#8221;:&#8221;&#8221;,&#8221;animation_time&#8221;:&#8221;&#8221;,&#8221;timeline_animation&#8221;:&#8221;&#8221;,&#8221;timeline_delay&#8221;:&#8221;&#8221;,&#8221;timeline_order&#8221;:&#8221;&#8221;,&#8221;css_classes&#8221;:&#8221;boxed-inverse &#8220;,&#8221;custom_css_classes&#8221;:&#8221;&#8221;,&#8221;custom_css_styles&#8221;:&#8221;&#8221;,&#8221;main_content&#8221;:[{&#8220;component&#8221;:&#8221;hc_column&#8221;,&#8221;id&#8221;:&#8221;column_lVlZO&#8221;,&#8221;column_width&#8221;:&#8221;col-md-8&#8243;,&#8221;animation&#8221;:&#8221;&#8221;,&#8221;animation_time&#8221;:&#8221;&#8221;,&#8221;timeline_animation&#8221;:&#8221;&#8221;,&#8221;timeline_delay&#8221;:&#8221;&#8221;,&#8221;timeline_order&#8221;:&#8221;&#8221;,&#8221;css_classes&#8221;:&#8221;col-sm-6 &#8220;,&#8221;custom_css_classes&#8221;:&#8221;&#8221;,&#8221;custom_css_styles&#8221;:&#8221;&#8221;,&#8221;main_content&#8221;:[{&#8220;component&#8221;:&#8221;hc_space&#8221;,&#8221;id&#8221;:&#8221;okmmt&#8221;,&#8221;css_classes&#8221;:&#8221;&#8221;,&#8221;custom_css_classes&#8221;:&#8221;&#8221;,&#8221;custom_css_styles&#8221;:&#8221;&#8221;,&#8221;size&#8221;:&#8221;xs&#8221;,&#8221;height&#8221;:&#8221;&#8221;},{&#8220;component&#8221;:&#8221;hc_title_tag&#8221;,&#8221;id&#8221;:&#8221;spbP4&#8243;,&#8221;css_classes&#8221;:&#8221;&#8221;,&#8221;custom_css_classes&#8221;:&#8221;&#8221;,&#8221;custom_css_styles&#8221;:&#8221;&#8221;,&#8221;text&#8221;:&#8221;Cesa Makina&#8221;,&#8221;tag&#8221;:&#8221;h2&#8243;},{&#8220;component&#8221;:&#8221;hc_space&#8221;,&#8221;id&#8221;:&#8221;0ZlDm&#8221;,&#8221;css_classes&#8221;:&#8221;&#8221;,&#8221;custom_css_classes&#8221;:&#8221;&#8221;,&#8221;custom_css_styles&#8221;:&#8221;&#8221;,&#8221;size&#8221;:&#8221;s&#8221;,&#8221;height&#8221;:&#8221;&#8221;},{&#8220;component&#8221;:&#8221;hc_separator&#8221;,&#8221;id&#8221;:&#8221;F9WNk&#8221;,&#8221;css_classes&#8221;:&#8221;&#8221;,&#8221;custom_css_classes&#8221;:&#8221;&#8221;,&#8221;custom_css_styles&#8221;:&#8221;&#8221;,&#8221;style&#8221;:&#8221;&#8221;},{&#8220;component&#8221;:&#8221;hc_wp_editor&#8221;,&#8221;id&#8221;:&#8221;tnwUO&#8221;,&#8221;css_classes&#8221;:&#8221;&#8221;,&#8221;custom_css_classes&#8221;:&#8221;&#8221;,&#8221;custom_css_styles&#8221;:&#8221;&#8221;,&#8221;editor_content&#8221;:&#8221;De\u011ferli Sanayicilerimiz \u00fclkemizin b\u00fcy\u00fcmesinde, geli\u015fmesinde ve ilerlemesinde eme\u011fi olan b\u00fct\u00fcn \u00fcreten insan\u0131m\u0131za i\u015f g\u00fcc\u00fcm\u00fcze, \u00fcretmek i\u00e7in seferber olmu\u015f herkese minnettar\u0131m. Bu d\u00fc\u015f\u00fcncede olan herkese sayg\u0131 duyuyorum.\\n\\nHepimizin bildi\u011fi \u00fczere \u00fcretmeyen, \u00e7al\u0131\u015fmayan haz\u0131r\u0131 t\u00fcketen \u00fclkeler, toplumlar er ya da ge\u00e7 t\u00fckenmek zorundad\u0131rlar. Biz [&hellip;]<\/p>\n","protected":false},"author":1,"featured_media":0,"parent":33371162,"menu_order":0,"comment_status":"closed","ping_status":"closed","template":"","meta":[],"_links":{"self":[{"href":"https:\/\/www.cesamakina.com\/en\/wp-json\/wp\/v2\/pages\/33371171"}],"collection":[{"href":"https:\/\/www.cesamakina.com\/en\/wp-json\/wp\/v2\/pages"}],"about":[{"href":"https:\/\/www.cesamakina.com\/en\/wp-json\/wp\/v2\/types\/page"}],"author":[{"embeddable":true,"href":"https:\/\/www.cesamakina.com\/en\/wp-json\/wp\/v2\/users\/1"}],"replies":[{"embeddable":true,"href":"https:\/\/www.cesamakina.com\/en\/wp-json\/wp\/v2\/comments?post=33371171"}],"version-history":[{"count":0,"href":"https:\/\/www.cesamakina.com\/en\/wp-json\/wp\/v2\/pages\/33371171\/revisions"}],"up":[{"embeddable":true,"href":"https:\/\/www.cesamakina.com\/en\/wp-json\/wp\/v2\/pages\/33371162"}],"wp:attachment":[{"href":"https:\/\/www.cesamakina.com\/en\/wp-json\/wp\/v2\/media?parent=33371171"}],"curies":[{"name":"wp","href":"https:\/\/api.w.org\/{rel}","templated":true}]}}