{"id":33371170,"date":"2021-03-24T17:11:50","date_gmt":"2021-03-24T14:11:50","guid":{"rendered":"https:\/\/www.cesamakina.com\/urunlerimiz\/is-makinasi-ekipmanlari\/"},"modified":"2021-03-24T17:11:50","modified_gmt":"2021-03-24T14:11:50","slug":"is-makinasi-ekipmanlari","status":"publish","type":"page","link":"https:\/\/www.cesamakina.com\/en\/urunlerimiz\/is-makinasi-ekipmanlari\/","title":{"rendered":"\u0130\u015f Makinas\u0131 Ekipmanlar\u0131"},"content":{"rendered":"<p>{&#8220;main-title&#8221;:{&#8220;component&#8221;:&#8221;hc_title&#8221;,&#8221;id&#8221;:&#8221;main-title&#8221;,&#8221;title&#8221;:&#8221;\u00c7elikhane Ekipmanlar\u0131&#8221;,&#8221;subtitle&#8221;:&#8221;&#8221;,&#8221;title_content&#8221;:{&#8220;component&#8221;:&#8221;hc_title_base&#8221;,&#8221;id&#8221;:&#8221;title-base&#8221;,&#8221;image&#8221;:&#8221;&#8221;,&#8221;breadcrumbs&#8221;:true,&#8221;white&#8221;:true}},&#8221;section_5ZtkF&#8221;:{&#8220;component&#8221;:&#8221;hc_section&#8221;,&#8221;id&#8221;:&#8221;section_5ZtkF&#8221;,&#8221;section_width&#8221;:&#8221;&#8221;,&#8221;animation&#8221;:&#8221;&#8221;,&#8221;animation_time&#8221;:&#8221;&#8221;,&#8221;timeline_animation&#8221;:&#8221;&#8221;,&#8221;timeline_delay&#8221;:&#8221;&#8221;,&#8221;timeline_order&#8221;:&#8221;&#8221;,&#8221;vertical_row&#8221;:&#8221;&#8221;,&#8221;box_middle&#8221;:&#8221;&#8221;,&#8221;css_classes&#8221;:&#8221;&#8221;,&#8221;custom_css_classes&#8221;:&#8221;&#8221;,&#8221;custom_css_styles&#8221;:&#8221;&#8221;,&#8221;section_content&#8221;:[{&#8220;component&#8221;:&#8221;hc_column&#8221;,&#8221;id&#8221;:&#8221;column_Kk4lo&#8221;,&#8221;column_width&#8221;:&#8221;col-md-12&#8243;,&#8221;animation&#8221;:&#8221;&#8221;,&#8221;animation_time&#8221;:&#8221;&#8221;,&#8221;timeline_animation&#8221;:&#8221;&#8221;,&#8221;timeline_delay&#8221;:&#8221;&#8221;,&#8221;timeline_order&#8221;:&#8221;&#8221;,&#8221;css_classes&#8221;:&#8221;&#8221;,&#8221;custom_css_classes&#8221;:&#8221;&#8221;,&#8221;custom_css_styles&#8221;:&#8221;&#8221;,&#8221;main_content&#8221;:[{&#8220;component&#8221;:&#8221;hc_inner_menu&#8221;,&#8221;id&#8221;:&#8221;RnZra&#8221;,&#8221;css_classes&#8221;:&#8221;col-center text-center &#8220;,&#8221;custom_css_classes&#8221;:&#8221;&#8221;,&#8221;custom_css_styles&#8221;:&#8221;&#8221;,&#8221;rows&#8221;:[{&#8220;component&#8221;:&#8221;repeater_item&#8221;,&#8221;id&#8221;:&#8221;LymBO&#8221;,&#8221;child&#8221;:&#8221;&#8221;,&#8221;icon&#8221;:&#8221;&#8221;,&#8221;text&#8221;:&#8221;\u00c7elikhane Ekipmanlar\u0131&#8221;,&#8221;link&#8221;:&#8221;https:\/\/cesamakina.com\/urunlerimiz\/celikhane-ekipmanlari&#8221;},{&#8220;component&#8221;:&#8221;repeater_item&#8221;,&#8221;id&#8221;:&#8221;vEsqo&#8221;,&#8221;child&#8221;:&#8221;&#8221;,&#8221;icon&#8221;:&#8221;&#8221;,&#8221;text&#8221;:&#8221;Haddehane Ekipmanlar\u0131 &#8220;,&#8221;link&#8221;:&#8221;https:\/\/cesamakina.com\/urunlerimiz\/haddehane-ekipmanlari&#8221;},{&#8220;component&#8221;:&#8221;repeater_item&#8221;,&#8221;id&#8221;:&#8221;Ct6ih&#8221;,&#8221;child&#8221;:&#8221;&#8221;,&#8221;icon&#8221;:&#8221;&#8221;,&#8221;text&#8221;:&#8221;\u00d6zel \u0130malat&#8221;,&#8221;link&#8221;:&#8221;https:\/\/cesamakina.com\/urunlerimiz\/ozel-imalat&#8221;}],&#8221;type&#8221;:&#8221;horizontal&#8221;,&#8221;style&#8221;:&#8221;&#8221;,&#8221;alignment&#8221;:&#8221;nav-right&#8221;,&#8221;one_page&#8221;:false},{&#8220;component&#8221;:&#8221;hc_space&#8221;,&#8221;id&#8221;:&#8221;Oqqhg&#8221;,&#8221;css_classes&#8221;:&#8221;&#8221;,&#8221;custom_css_classes&#8221;:&#8221;&#8221;,&#8221;custom_css_styles&#8221;:&#8221;&#8221;,&#8221;size&#8221;:&#8221;s&#8221;,&#8221;height&#8221;:&#8221;&#8221;},{&#8220;component&#8221;:&#8221;hc_pt_masonry_list&#8221;,&#8221;id&#8221;:&#8221;iMzxD&#8221;,&#8221;css_classes&#8221;:&#8221;&#8221;,&#8221;custom_css_classes&#8221;:&#8221;&#8221;,&#8221;custom_css_styles&#8221;:&#8221;&#8221;,&#8221;post_type_slug&#8221;:&#8221;urunler&#8221;,&#8221;post_type_category&#8221;:&#8221;is-makinalari-ekipmanlari&#8221;,&#8221;column&#8221;:&#8221;col-md-4&#8243;,&#8221;row&#8221;:&#8221;&#8221;,&#8221;margins&#8221;:&#8221;&#8221;,&#8221;pagination_type&#8221;:&#8221;load_more&#8221;,&#8221;pag_items&#8221;:&#8221;9&#8243;,&#8221;pag_lm_animation&#8221;:&#8221;&#8221;,&#8221;button_size&#8221;:&#8221;pagination-sm&#8221;,&#8221;menu&#8221;:false,&#8221;menu_position&#8221;:&#8221;&#8221;,&#8221;menu_style&#8221;:&#8221;ms-minimal&#8221;,&#8221;auto_masonry&#8221;:false,&#8221;box&#8221;:&#8221;image_down_text&#8221;,&#8221;boxed&#8221;:false,&#8221;boxed_inverse&#8221;:true,&#8221;button_text&#8221;:&#8221;Detaylar&#8221;,&#8221;button_style&#8221;:&#8221;link&#8221;,&#8221;button_dimensions&#8221;:&#8221;btn-xs&#8221;,&#8221;button_animation&#8221;:false,&#8221;hidden_content&#8221;:false,&#8221;extra_1&#8243;:false,&#8221;extra_2&#8243;:false,&#8221;content&#8221;:&#8221;extra&#8221;,&#8221;title_length&#8221;:&#8221;30&#8243;,&#8221;excerpt_length&#8221;:&#8221;100&#8243;,&#8221;title_size&#8221;:&#8221;&#8221;,&#8221;box_animation&#8221;:&#8221;&#8221;,&#8221;custom_css&#8221;:&#8221;&#8221;,&#8221;pag_scroll_top&#8221;:true,&#8221;pag_centered&#8221;:false,&#8221;pag_button_prev&#8221;:&#8221;\u00d6nceki&#8221;,&#8221;pag_button_next&#8221;:&#8221;Sonraki&#8221;,&#8221;lm_lazy&#8221;:false,&#8221;lm_button_text&#8221;:&#8221;Daha Fazlas\u0131&#8221;,&#8221;data_options_pagination&#8221;:&#8221;&#8221;}]},{&#8220;component&#8221;:&#8221;hc_column&#8221;,&#8221;id&#8221;:&#8221;column_094Uh&#8221;,&#8221;column_width&#8221;:&#8221;col-md-12&#8243;,&#8221;animation&#8221;:&#8221;&#8221;,&#8221;animation_time&#8221;:&#8221;&#8221;,&#8221;timeline_animation&#8221;:&#8221;&#8221;,&#8221;timeline_delay&#8221;:&#8221;&#8221;,&#8221;timeline_order&#8221;:&#8221;&#8221;,&#8221;css_classes&#8221;:&#8221;&#8221;,&#8221;custom_css_classes&#8221;:&#8221;&#8221;,&#8221;custom_css_styles&#8221;:&#8221;&#8221;,&#8221;main_content&#8221;:[]}],&#8221;section_settings&#8221;:&#8221;&#8221;},&#8221;scripts&#8221;:{&#8220;masonry&#8221;:&#8221;isotope.min.js&#8221;,&#8221;pagination&#8221;:&#8221;jquery.twbsPagination.min.js&#8221;},&#8221;css&#8221;:{&#8220;image_box&#8221;:&#8221;css\/image-box.css&#8221;},&#8221;css_page&#8221;:&#8221;.nav.inner {\\n   background: none;\\n   display: inline-block;\\n}\\n\\n&#8221;,&#8221;template_setting&#8221;:{&#8220;settings&#8221;:{&#8220;id&#8221;:&#8221;settings&#8221;}},&#8221;template_setting_top&#8221;:{},&#8221;page_setting&#8221;:{&#8220;settings&#8221;:[&#8220;lock-mode-off&#8221;,&#8221;inner_menu&#8221;]}}<\/p>\n","protected":false},"excerpt":{"rendered":"<p>{&#8220;main-title&#8221;:{&#8220;component&#8221;:&#8221;hc_title&#8221;,&#8221;id&#8221;:&#8221;main-title&#8221;,&#8221;title&#8221;:&#8221;\u00c7elikhane Ekipmanlar\u0131&#8221;,&#8221;subtitle&#8221;:&#8221;&#8221;,&#8221;title_content&#8221;:{&#8220;component&#8221;:&#8221;hc_title_base&#8221;,&#8221;id&#8221;:&#8221;title-base&#8221;,&#8221;image&#8221;:&#8221;&#8221;,&#8221;breadcrumbs&#8221;:true,&#8221;white&#8221;:true}},&#8221;section_5ZtkF&#8221;:{&#8220;component&#8221;:&#8221;hc_section&#8221;,&#8221;id&#8221;:&#8221;section_5ZtkF&#8221;,&#8221;section_width&#8221;:&#8221;&#8221;,&#8221;animation&#8221;:&#8221;&#8221;,&#8221;animation_time&#8221;:&#8221;&#8221;,&#8221;timeline_animation&#8221;:&#8221;&#8221;,&#8221;timeline_delay&#8221;:&#8221;&#8221;,&#8221;timeline_order&#8221;:&#8221;&#8221;,&#8221;vertical_row&#8221;:&#8221;&#8221;,&#8221;box_middle&#8221;:&#8221;&#8221;,&#8221;css_classes&#8221;:&#8221;&#8221;,&#8221;custom_css_classes&#8221;:&#8221;&#8221;,&#8221;custom_css_styles&#8221;:&#8221;&#8221;,&#8221;section_content&#8221;:[{&#8220;component&#8221;:&#8221;hc_column&#8221;,&#8221;id&#8221;:&#8221;column_Kk4lo&#8221;,&#8221;column_width&#8221;:&#8221;col-md-12&#8243;,&#8221;animation&#8221;:&#8221;&#8221;,&#8221;animation_time&#8221;:&#8221;&#8221;,&#8221;timeline_animation&#8221;:&#8221;&#8221;,&#8221;timeline_delay&#8221;:&#8221;&#8221;,&#8221;timeline_order&#8221;:&#8221;&#8221;,&#8221;css_classes&#8221;:&#8221;&#8221;,&#8221;custom_css_classes&#8221;:&#8221;&#8221;,&#8221;custom_css_styles&#8221;:&#8221;&#8221;,&#8221;main_content&#8221;:[{&#8220;component&#8221;:&#8221;hc_inner_menu&#8221;,&#8221;id&#8221;:&#8221;RnZra&#8221;,&#8221;css_classes&#8221;:&#8221;col-center text-center &#8220;,&#8221;custom_css_classes&#8221;:&#8221;&#8221;,&#8221;custom_css_styles&#8221;:&#8221;&#8221;,&#8221;rows&#8221;:[{&#8220;component&#8221;:&#8221;repeater_item&#8221;,&#8221;id&#8221;:&#8221;LymBO&#8221;,&#8221;child&#8221;:&#8221;&#8221;,&#8221;icon&#8221;:&#8221;&#8221;,&#8221;text&#8221;:&#8221;\u00c7elikhane Ekipmanlar\u0131&#8221;,&#8221;link&#8221;:&#8221;https:\/\/cesamakina.com\/urunlerimiz\/celikhane-ekipmanlari&#8221;},{&#8220;component&#8221;:&#8221;repeater_item&#8221;,&#8221;id&#8221;:&#8221;vEsqo&#8221;,&#8221;child&#8221;:&#8221;&#8221;,&#8221;icon&#8221;:&#8221;&#8221;,&#8221;text&#8221;:&#8221;Haddehane Ekipmanlar\u0131 &#8220;,&#8221;link&#8221;:&#8221;https:\/\/cesamakina.com\/urunlerimiz\/haddehane-ekipmanlari&#8221;},{&#8220;component&#8221;:&#8221;repeater_item&#8221;,&#8221;id&#8221;:&#8221;Ct6ih&#8221;,&#8221;child&#8221;:&#8221;&#8221;,&#8221;icon&#8221;:&#8221;&#8221;,&#8221;text&#8221;:&#8221;\u00d6zel \u0130malat&#8221;,&#8221;link&#8221;:&#8221;https:\/\/cesamakina.com\/urunlerimiz\/ozel-imalat&#8221;}],&#8221;type&#8221;:&#8221;horizontal&#8221;,&#8221;style&#8221;:&#8221;&#8221;,&#8221;alignment&#8221;:&#8221;nav-right&#8221;,&#8221;one_page&#8221;:false},{&#8220;component&#8221;:&#8221;hc_space&#8221;,&#8221;id&#8221;:&#8221;Oqqhg&#8221;,&#8221;css_classes&#8221;:&#8221;&#8221;,&#8221;custom_css_classes&#8221;:&#8221;&#8221;,&#8221;custom_css_styles&#8221;:&#8221;&#8221;,&#8221;size&#8221;:&#8221;s&#8221;,&#8221;height&#8221;:&#8221;&#8221;},{&#8220;component&#8221;:&#8221;hc_pt_masonry_list&#8221;,&#8221;id&#8221;:&#8221;iMzxD&#8221;,&#8221;css_classes&#8221;:&#8221;&#8221;,&#8221;custom_css_classes&#8221;:&#8221;&#8221;,&#8221;custom_css_styles&#8221;:&#8221;&#8221;,&#8221;post_type_slug&#8221;:&#8221;urunler&#8221;,&#8221;post_type_category&#8221;:&#8221;is-makinalari-ekipmanlari&#8221;,&#8221;column&#8221;:&#8221;col-md-4&#8243;,&#8221;row&#8221;:&#8221;&#8221;,&#8221;margins&#8221;:&#8221;&#8221;,&#8221;pagination_type&#8221;:&#8221;load_more&#8221;,&#8221;pag_items&#8221;:&#8221;9&#8243;,&#8221;pag_lm_animation&#8221;:&#8221;&#8221;,&#8221;button_size&#8221;:&#8221;pagination-sm&#8221;,&#8221;menu&#8221;:false,&#8221;menu_position&#8221;:&#8221;&#8221;,&#8221;menu_style&#8221;:&#8221;ms-minimal&#8221;,&#8221;auto_masonry&#8221;:false,&#8221;box&#8221;:&#8221;image_down_text&#8221;,&#8221;boxed&#8221;:false,&#8221;boxed_inverse&#8221;:true,&#8221;button_text&#8221;:&#8221;Detaylar&#8221;,&#8221;button_style&#8221;:&#8221;link&#8221;,&#8221;button_dimensions&#8221;:&#8221;btn-xs&#8221;,&#8221;button_animation&#8221;:false,&#8221;hidden_content&#8221;:false,&#8221;extra_1&#8243;:false,&#8221;extra_2&#8243;:false,&#8221;content&#8221;:&#8221;extra&#8221;,&#8221;title_length&#8221;:&#8221;30&#8243;,&#8221;excerpt_length&#8221;:&#8221;100&#8243;,&#8221;title_size&#8221;:&#8221;&#8221;,&#8221;box_animation&#8221;:&#8221;&#8221;,&#8221;custom_css&#8221;:&#8221;&#8221;,&#8221;pag_scroll_top&#8221;:true,&#8221;pag_centered&#8221;:false,&#8221;pag_button_prev&#8221;:&#8221;\u00d6nceki&#8221;,&#8221;pag_button_next&#8221;:&#8221;Sonraki&#8221;,&#8221;lm_lazy&#8221;:false,&#8221;lm_button_text&#8221;:&#8221;Daha Fazlas\u0131&#8221;,&#8221;data_options_pagination&#8221;:&#8221;&#8221;}]},{&#8220;component&#8221;:&#8221;hc_column&#8221;,&#8221;id&#8221;:&#8221;column_094Uh&#8221;,&#8221;column_width&#8221;:&#8221;col-md-12&#8243;,&#8221;animation&#8221;:&#8221;&#8221;,&#8221;animation_time&#8221;:&#8221;&#8221;,&#8221;timeline_animation&#8221;:&#8221;&#8221;,&#8221;timeline_delay&#8221;:&#8221;&#8221;,&#8221;timeline_order&#8221;:&#8221;&#8221;,&#8221;css_classes&#8221;:&#8221;&#8221;,&#8221;custom_css_classes&#8221;:&#8221;&#8221;,&#8221;custom_css_styles&#8221;:&#8221;&#8221;,&#8221;main_content&#8221;:[]}],&#8221;section_settings&#8221;:&#8221;&#8221;},&#8221;scripts&#8221;:{&#8220;masonry&#8221;:&#8221;isotope.min.js&#8221;,&#8221;pagination&#8221;:&#8221;jquery.twbsPagination.min.js&#8221;},&#8221;css&#8221;:{&#8220;image_box&#8221;:&#8221;css\/image-box.css&#8221;},&#8221;css_page&#8221;:&#8221;.nav.inner {\\n background: none;\\n display: inline-block;\\n}\\n\\n&#8221;,&#8221;template_setting&#8221;:{&#8220;settings&#8221;:{&#8220;id&#8221;:&#8221;settings&#8221;}},&#8221;template_setting_top&#8221;:{},&#8221;page_setting&#8221;:{&#8220;settings&#8221;:[&#8220;lock-mode-off&#8221;,&#8221;inner_menu&#8221;]}}<\/p>\n","protected":false},"author":1,"featured_media":0,"parent":33371158,"menu_order":3,"comment_status":"closed","ping_status":"closed","template":"","meta":[],"_links":{"self":[{"href":"https:\/\/www.cesamakina.com\/en\/wp-json\/wp\/v2\/pages\/33371170"}],"collection":[{"href":"https:\/\/www.cesamakina.com\/en\/wp-json\/wp\/v2\/pages"}],"about":[{"href":"https:\/\/www.cesamakina.com\/en\/wp-json\/wp\/v2\/types\/page"}],"author":[{"embeddable":true,"href":"https:\/\/www.cesamakina.com\/en\/wp-json\/wp\/v2\/users\/1"}],"replies":[{"embeddable":true,"href":"https:\/\/www.cesamakina.com\/en\/wp-json\/wp\/v2\/comments?post=33371170"}],"version-history":[{"count":0,"href":"https:\/\/www.cesamakina.com\/en\/wp-json\/wp\/v2\/pages\/33371170\/revisions"}],"up":[{"embeddable":true,"href":"https:\/\/www.cesamakina.com\/en\/wp-json\/wp\/v2\/pages\/33371158"}],"wp:attachment":[{"href":"https:\/\/www.cesamakina.com\/en\/wp-json\/wp\/v2\/media?parent=33371170"}],"curies":[{"name":"wp","href":"https:\/\/api.w.org\/{rel}","templated":true}]}}