{"id":33371160,"date":"2021-04-06T13:29:49","date_gmt":"2021-04-06T10:29:49","guid":{"rendered":"https:\/\/www.cesamakina.com\/misyon-vizyon\/"},"modified":"2021-04-06T13:29:49","modified_gmt":"2021-04-06T10:29:49","slug":"misyon-vizyon","status":"publish","type":"page","link":"https:\/\/www.cesamakina.com\/en\/kurumsal\/misyon-vizyon\/","title":{"rendered":"Misyon &#038; Vizyon"},"content":{"rendered":"<p>{&#8220;main-title&#8221;:{&#8220;component&#8221;:&#8221;hc_title&#8221;,&#8221;id&#8221;:&#8221;main-title&#8221;,&#8221;title&#8221;:&#8221;&#8221;,&#8221;subtitle&#8221;:&#8221;&#8221;,&#8221;title_content&#8221;:{&#8220;component&#8221;:&#8221;hc_title_base&#8221;,&#8221;id&#8221;:&#8221;title-base&#8221;,&#8221;image&#8221;:&#8221;&#8221;,&#8221;breadcrumbs&#8221;:true,&#8221;white&#8221;:true}},&#8221;section_5ZtkF&#8221;:{&#8220;component&#8221;:&#8221;hc_section&#8221;,&#8221;id&#8221;:&#8221;section_5ZtkF&#8221;,&#8221;section_width&#8221;:&#8221;&#8221;,&#8221;animation&#8221;:&#8221;&#8221;,&#8221;animation_time&#8221;:&#8221;&#8221;,&#8221;timeline_animation&#8221;:&#8221;&#8221;,&#8221;timeline_delay&#8221;:&#8221;&#8221;,&#8221;timeline_order&#8221;:&#8221;&#8221;,&#8221;vertical_row&#8221;:&#8221;&#8221;,&#8221;box_middle&#8221;:&#8221;&#8221;,&#8221;css_classes&#8221;:&#8221;&#8221;,&#8221;custom_css_classes&#8221;:&#8221;&#8221;,&#8221;custom_css_styles&#8221;:&#8221;&#8221;,&#8221;section_content&#8221;:[{&#8220;component&#8221;:&#8221;hc_column&#8221;,&#8221;id&#8221;:&#8221;column_GzbKr&#8221;,&#8221;column_width&#8221;:&#8221;col-md-3&#8243;,&#8221;animation&#8221;:&#8221;&#8221;,&#8221;animation_time&#8221;:&#8221;&#8221;,&#8221;timeline_animation&#8221;:&#8221;&#8221;,&#8221;timeline_delay&#8221;:&#8221;&#8221;,&#8221;timeline_order&#8221;:&#8221;&#8221;,&#8221;css_classes&#8221;:&#8221;&#8221;,&#8221;custom_css_classes&#8221;:&#8221;&#8221;,&#8221;custom_css_styles&#8221;:&#8221;&#8221;,&#8221;main_content&#8221;:[{&#8220;component&#8221;:&#8221;hc_space&#8221;,&#8221;id&#8221;:&#8221;Z8cf0&#8243;,&#8221;css_classes&#8221;:&#8221;&#8221;,&#8221;custom_css_classes&#8221;:&#8221;&#8221;,&#8221;custom_css_styles&#8221;:&#8221;&#8221;,&#8221;size&#8221;:&#8221;m&#8221;,&#8221;height&#8221;:&#8221;&#8221;},{&#8220;component&#8221;:&#8221;hc_inner_menu&#8221;,&#8221;id&#8221;:&#8221;g5pWP&#8221;,&#8221;css_classes&#8221;:&#8221;&#8221;,&#8221;custom_css_classes&#8221;:&#8221;&#8221;,&#8221;custom_css_styles&#8221;:&#8221;&#8221;,&#8221;rows&#8221;:[{&#8220;component&#8221;:&#8221;repeater_item&#8221;,&#8221;id&#8221;:&#8221;7bZtm&#8221;,&#8221;child&#8221;:&#8221;&#8221;,&#8221;icon&#8221;:&#8221;&#8221;,&#8221;text&#8221;:&#8221;HAKKIMIZDA&#8221;,&#8221;link&#8221;:&#8221;https:\/\/www.cesamakina.com\/kurumsal\/hakkimizda\/&#8221;},{&#8220;component&#8221;:&#8221;repeater_item&#8221;,&#8221;id&#8221;:&#8221;9SxzV&#8221;,&#8221;child&#8221;:&#8221;&#8221;,&#8221;icon&#8221;:&#8221;&#8221;,&#8221;text&#8221;:&#8221;GENEL M\u00dcD\u00dcR\u00dcM\u00dcZDEN&#8221;,&#8221;link&#8221;:&#8221;https:\/\/www.cesamakina.com\/kurumsal\/genel-mudurumuzden-mesaj\/&#8221;},{&#8220;component&#8221;:&#8221;repeater_item&#8221;,&#8221;id&#8221;:&#8221;oj39u&#8221;,&#8221;child&#8221;:&#8221;&#8221;,&#8221;icon&#8221;:&#8221;&#8221;,&#8221;text&#8221;:&#8221;M\u0130SYON &#038; V\u0130ZYON&#8221;,&#8221;link&#8221;:&#8221;https:\/\/www.cesamakina.com\/kurumsal\/misyon-vizyon\/&#8221;},{&#8220;component&#8221;:&#8221;repeater_item&#8221;,&#8221;id&#8221;:&#8221;tYFLH&#8221;,&#8221;child&#8221;:&#8221;&#8221;,&#8221;icon&#8221;:&#8221;&#8221;,&#8221;text&#8221;:&#8221;DE\u011eERLER\u0130M\u0130Z&#8221;,&#8221;link&#8221;:&#8221;https:\/\/www.cesamakina.com\/kurumsal\/degerlerimiz\/&#8221;},{&#8220;component&#8221;:&#8221;repeater_item&#8221;,&#8221;id&#8221;:&#8221;NE8AA&#8221;,&#8221;child&#8221;:&#8221;&#8221;,&#8221;icon&#8221;:&#8221;&#8221;,&#8221;text&#8221;:&#8221;\u00d6NCEL\u0130KLER\u0130M\u0130Z&#8221;,&#8221;link&#8221;:&#8221;https:\/\/www.cesamakina.com\/kurumsal\/onceliklerimiz\/&#8221;},{&#8220;component&#8221;:&#8221;repeater_item&#8221;,&#8221;id&#8221;:&#8221;qMOzD&#8221;,&#8221;child&#8221;:&#8221;&#8221;,&#8221;icon&#8221;:&#8221;&#8221;,&#8221;text&#8221;:&#8221;\u00c7EVRE POL\u0130T\u0130KAMIZ&#8221;,&#8221;link&#8221;:&#8221;https:\/\/www.cesamakina.com\/kurumsal\/cevre-politikamiz\/&#8221;},{&#8220;component&#8221;:&#8221;repeater_item&#8221;,&#8221;id&#8221;:&#8221;jjObe&#8221;,&#8221;child&#8221;:&#8221;&#8221;,&#8221;icon&#8221;:&#8221;&#8221;,&#8221;text&#8221;:&#8221;KVKK&#8221;,&#8221;link&#8221;:&#8221;https:\/\/www.cesamakina.com\/kvkk\/&#8221;}],&#8221;type&#8221;:&#8221;vertical&#8221;,&#8221;style&#8221;:&#8221;&#8221;,&#8221;alignment&#8221;:&#8221;&#8221;,&#8221;one_page&#8221;:false}]},{&#8220;component&#8221;:&#8221;hc_column&#8221;,&#8221;id&#8221;:&#8221;column_Q2djx&#8221;,&#8221;column_width&#8221;:&#8221;col-md-9&#8243;,&#8221;animation&#8221;:&#8221;&#8221;,&#8221;animation_time&#8221;:&#8221;&#8221;,&#8221;timeline_animation&#8221;:&#8221;&#8221;,&#8221;timeline_delay&#8221;:&#8221;&#8221;,&#8221;timeline_order&#8221;:&#8221;&#8221;,&#8221;css_classes&#8221;:&#8221;boxed-inverse &#8220;,&#8221;custom_css_classes&#8221;:&#8221;&#8221;,&#8221;custom_css_styles&#8221;:&#8221;&#8221;,&#8221;main_content&#8221;:[{&#8220;component&#8221;:&#8221;hc_space&#8221;,&#8221;id&#8221;:&#8221;wwuu1&#8243;,&#8221;css_classes&#8221;:&#8221;&#8221;,&#8221;custom_css_classes&#8221;:&#8221;&#8221;,&#8221;custom_css_styles&#8221;:&#8221;&#8221;,&#8221;size&#8221;:&#8221;xs&#8221;,&#8221;height&#8221;:&#8221;&#8221;},{&#8220;component&#8221;:&#8221;hc_title_tag&#8221;,&#8221;id&#8221;:&#8221;FEBGw&#8221;,&#8221;css_classes&#8221;:&#8221;&#8221;,&#8221;custom_css_classes&#8221;:&#8221;&#8221;,&#8221;custom_css_styles&#8221;:&#8221;&#8221;,&#8221;text&#8221;:&#8221;Misyon &#038; Vizyon&#8221;,&#8221;tag&#8221;:&#8221;h2&#8243;},{&#8220;component&#8221;:&#8221;hc_wp_editor&#8221;,&#8221;id&#8221;:&#8221;Ix5yG&#8221;,&#8221;css_classes&#8221;:&#8221;&#8221;,&#8221;custom_css_classes&#8221;:&#8221;&#8221;,&#8221;custom_css_styles&#8221;:&#8221;&#8221;,&#8221;editor_content&#8221;:&#8221;<\/p>\n<ul>\\n \\t<\/p>\n<li>\u0130nsana ve do\u011faya sayg\u0131m\u0131z\u0131 koruyarak, bilgi birikimimiz ve deneyimlerimiz ile \u00fcretkenli\u011fi en \u00fcst d\u00fczeye \u00e7\u0131kartarak, m\u00fc\u015fteri memnuniyetine daima dikkat ederek \u00fcr\u00fcn ve hizmet vermek bizlerin en temel gayesidir.<\/li>\n<p>\\n<\/ul>\n<p>\\n&nbsp;\\n<\/p>\n<ul>\\n \\t<\/p>\n<li>D\u00fcnya standartlar\u0131n\u0131n gere\u011fini uygulayan, inovasyon tutkusuyla bilgi ve teknolojiyi insan kayna\u011f\u0131 ile birle\u015ftirip s\u00fcrekli geli\u015fimle daha da y\u00fcksek kalite ve standartlar\u0131na ula\u015fmak en b\u00fcy\u00fck ilham kayna\u011f\u0131m\u0131zd\u0131r.<\/li>\n<p>\\n<\/ul>\n<p>&#8220;}]}],&#8221;section_settings&#8221;:&#8221;&#8221;},&#8221;scripts&#8221;:{},&#8221;css&#8221;:{},&#8221;css_page&#8221;:&#8221;    [class*=\\&#8221;col-md-\\&#8221;].boxed, [class*=\\&#8221;col-md-\\&#8221;].boxed-inverse {\\n        margin: 0 15px;\\n    }&#8221;,&#8221;template_setting&#8221;:{&#8220;settings&#8221;:{&#8220;id&#8221;:&#8221;settings&#8221;}},&#8221;template_setting_top&#8221;:{},&#8221;page_setting&#8221;:{&#8220;settings&#8221;:[&#8220;lock-mode-off&#8221;,&#8221;inner_menu&#8221;]}}<\/p>\n","protected":false},"excerpt":{"rendered":"<p>{&#8220;main-title&#8221;:{&#8220;component&#8221;:&#8221;hc_title&#8221;,&#8221;id&#8221;:&#8221;main-title&#8221;,&#8221;title&#8221;:&#8221;&#8221;,&#8221;subtitle&#8221;:&#8221;&#8221;,&#8221;title_content&#8221;:{&#8220;component&#8221;:&#8221;hc_title_base&#8221;,&#8221;id&#8221;:&#8221;title-base&#8221;,&#8221;image&#8221;:&#8221;&#8221;,&#8221;breadcrumbs&#8221;:true,&#8221;white&#8221;:true}},&#8221;section_5ZtkF&#8221;:{&#8220;component&#8221;:&#8221;hc_section&#8221;,&#8221;id&#8221;:&#8221;section_5ZtkF&#8221;,&#8221;section_width&#8221;:&#8221;&#8221;,&#8221;animation&#8221;:&#8221;&#8221;,&#8221;animation_time&#8221;:&#8221;&#8221;,&#8221;timeline_animation&#8221;:&#8221;&#8221;,&#8221;timeline_delay&#8221;:&#8221;&#8221;,&#8221;timeline_order&#8221;:&#8221;&#8221;,&#8221;vertical_row&#8221;:&#8221;&#8221;,&#8221;box_middle&#8221;:&#8221;&#8221;,&#8221;css_classes&#8221;:&#8221;&#8221;,&#8221;custom_css_classes&#8221;:&#8221;&#8221;,&#8221;custom_css_styles&#8221;:&#8221;&#8221;,&#8221;section_content&#8221;:[{&#8220;component&#8221;:&#8221;hc_column&#8221;,&#8221;id&#8221;:&#8221;column_GzbKr&#8221;,&#8221;column_width&#8221;:&#8221;col-md-3&#8243;,&#8221;animation&#8221;:&#8221;&#8221;,&#8221;animation_time&#8221;:&#8221;&#8221;,&#8221;timeline_animation&#8221;:&#8221;&#8221;,&#8221;timeline_delay&#8221;:&#8221;&#8221;,&#8221;timeline_order&#8221;:&#8221;&#8221;,&#8221;css_classes&#8221;:&#8221;&#8221;,&#8221;custom_css_classes&#8221;:&#8221;&#8221;,&#8221;custom_css_styles&#8221;:&#8221;&#8221;,&#8221;main_content&#8221;:[{&#8220;component&#8221;:&#8221;hc_space&#8221;,&#8221;id&#8221;:&#8221;Z8cf0&#8243;,&#8221;css_classes&#8221;:&#8221;&#8221;,&#8221;custom_css_classes&#8221;:&#8221;&#8221;,&#8221;custom_css_styles&#8221;:&#8221;&#8221;,&#8221;size&#8221;:&#8221;m&#8221;,&#8221;height&#8221;:&#8221;&#8221;},{&#8220;component&#8221;:&#8221;hc_inner_menu&#8221;,&#8221;id&#8221;:&#8221;g5pWP&#8221;,&#8221;css_classes&#8221;:&#8221;&#8221;,&#8221;custom_css_classes&#8221;:&#8221;&#8221;,&#8221;custom_css_styles&#8221;:&#8221;&#8221;,&#8221;rows&#8221;:[{&#8220;component&#8221;:&#8221;repeater_item&#8221;,&#8221;id&#8221;:&#8221;7bZtm&#8221;,&#8221;child&#8221;:&#8221;&#8221;,&#8221;icon&#8221;:&#8221;&#8221;,&#8221;text&#8221;:&#8221;HAKKIMIZDA&#8221;,&#8221;link&#8221;:&#8221;https:\/\/www.cesamakina.com\/kurumsal\/hakkimizda\/&#8221;},{&#8220;component&#8221;:&#8221;repeater_item&#8221;,&#8221;id&#8221;:&#8221;9SxzV&#8221;,&#8221;child&#8221;:&#8221;&#8221;,&#8221;icon&#8221;:&#8221;&#8221;,&#8221;text&#8221;:&#8221;GENEL M\u00dcD\u00dcR\u00dcM\u00dcZDEN&#8221;,&#8221;link&#8221;:&#8221;https:\/\/www.cesamakina.com\/kurumsal\/genel-mudurumuzden-mesaj\/&#8221;},{&#8220;component&#8221;:&#8221;repeater_item&#8221;,&#8221;id&#8221;:&#8221;oj39u&#8221;,&#8221;child&#8221;:&#8221;&#8221;,&#8221;icon&#8221;:&#8221;&#8221;,&#8221;text&#8221;:&#8221;M\u0130SYON &#038; V\u0130ZYON&#8221;,&#8221;link&#8221;:&#8221;https:\/\/www.cesamakina.com\/kurumsal\/misyon-vizyon\/&#8221;},{&#8220;component&#8221;:&#8221;repeater_item&#8221;,&#8221;id&#8221;:&#8221;tYFLH&#8221;,&#8221;child&#8221;:&#8221;&#8221;,&#8221;icon&#8221;:&#8221;&#8221;,&#8221;text&#8221;:&#8221;DE\u011eERLER\u0130M\u0130Z&#8221;,&#8221;link&#8221;:&#8221;https:\/\/www.cesamakina.com\/kurumsal\/degerlerimiz\/&#8221;},{&#8220;component&#8221;:&#8221;repeater_item&#8221;,&#8221;id&#8221;:&#8221;NE8AA&#8221;,&#8221;child&#8221;:&#8221;&#8221;,&#8221;icon&#8221;:&#8221;&#8221;,&#8221;text&#8221;:&#8221;\u00d6NCEL\u0130KLER\u0130M\u0130Z&#8221;,&#8221;link&#8221;:&#8221;https:\/\/www.cesamakina.com\/kurumsal\/onceliklerimiz\/&#8221;},{&#8220;component&#8221;:&#8221;repeater_item&#8221;,&#8221;id&#8221;:&#8221;qMOzD&#8221;,&#8221;child&#8221;:&#8221;&#8221;,&#8221;icon&#8221;:&#8221;&#8221;,&#8221;text&#8221;:&#8221;\u00c7EVRE POL\u0130T\u0130KAMIZ&#8221;,&#8221;link&#8221;:&#8221;https:\/\/www.cesamakina.com\/kurumsal\/cevre-politikamiz\/&#8221;},{&#8220;component&#8221;:&#8221;repeater_item&#8221;,&#8221;id&#8221;:&#8221;jjObe&#8221;,&#8221;child&#8221;:&#8221;&#8221;,&#8221;icon&#8221;:&#8221;&#8221;,&#8221;text&#8221;:&#8221;KVKK&#8221;,&#8221;link&#8221;:&#8221;https:\/\/www.cesamakina.com\/kvkk\/&#8221;}],&#8221;type&#8221;:&#8221;vertical&#8221;,&#8221;style&#8221;:&#8221;&#8221;,&#8221;alignment&#8221;:&#8221;&#8221;,&#8221;one_page&#8221;:false}]},{&#8220;component&#8221;:&#8221;hc_column&#8221;,&#8221;id&#8221;:&#8221;column_Q2djx&#8221;,&#8221;column_width&#8221;:&#8221;col-md-9&#8243;,&#8221;animation&#8221;:&#8221;&#8221;,&#8221;animation_time&#8221;:&#8221;&#8221;,&#8221;timeline_animation&#8221;:&#8221;&#8221;,&#8221;timeline_delay&#8221;:&#8221;&#8221;,&#8221;timeline_order&#8221;:&#8221;&#8221;,&#8221;css_classes&#8221;:&#8221;boxed-inverse &#8220;,&#8221;custom_css_classes&#8221;:&#8221;&#8221;,&#8221;custom_css_styles&#8221;:&#8221;&#8221;,&#8221;main_content&#8221;:[{&#8220;component&#8221;:&#8221;hc_space&#8221;,&#8221;id&#8221;:&#8221;wwuu1&#8243;,&#8221;css_classes&#8221;:&#8221;&#8221;,&#8221;custom_css_classes&#8221;:&#8221;&#8221;,&#8221;custom_css_styles&#8221;:&#8221;&#8221;,&#8221;size&#8221;:&#8221;xs&#8221;,&#8221;height&#8221;:&#8221;&#8221;},{&#8220;component&#8221;:&#8221;hc_title_tag&#8221;,&#8221;id&#8221;:&#8221;FEBGw&#8221;,&#8221;css_classes&#8221;:&#8221;&#8221;,&#8221;custom_css_classes&#8221;:&#8221;&#8221;,&#8221;custom_css_styles&#8221;:&#8221;&#8221;,&#8221;text&#8221;:&#8221;Misyon &#038; Vizyon&#8221;,&#8221;tag&#8221;:&#8221;h2&#8243;},{&#8220;component&#8221;:&#8221;hc_wp_editor&#8221;,&#8221;id&#8221;:&#8221;Ix5yG&#8221;,&#8221;css_classes&#8221;:&#8221;&#8221;,&#8221;custom_css_classes&#8221;:&#8221;&#8221;,&#8221;custom_css_styles&#8221;:&#8221;&#8221;,&#8221;editor_content&#8221;:&#8221; \\n \\t \u0130nsana ve do\u011faya sayg\u0131m\u0131z\u0131 koruyarak, bilgi birikimimiz ve deneyimlerimiz ile \u00fcretkenli\u011fi en \u00fcst d\u00fczeye \u00e7\u0131kartarak, m\u00fc\u015fteri memnuniyetine daima dikkat ederek \u00fcr\u00fcn ve hizmet vermek bizlerin en temel gayesidir. \\n \\n&nbsp;\\n \\n \\t D\u00fcnya standartlar\u0131n\u0131n gere\u011fini uygulayan, inovasyon tutkusuyla bilgi ve teknolojiyi insan kayna\u011f\u0131 ile birle\u015ftirip [&hellip;]<\/p>\n","protected":false},"author":1,"featured_media":0,"parent":33371162,"menu_order":0,"comment_status":"closed","ping_status":"closed","template":"","meta":[],"_links":{"self":[{"href":"https:\/\/www.cesamakina.com\/en\/wp-json\/wp\/v2\/pages\/33371160"}],"collection":[{"href":"https:\/\/www.cesamakina.com\/en\/wp-json\/wp\/v2\/pages"}],"about":[{"href":"https:\/\/www.cesamakina.com\/en\/wp-json\/wp\/v2\/types\/page"}],"author":[{"embeddable":true,"href":"https:\/\/www.cesamakina.com\/en\/wp-json\/wp\/v2\/users\/1"}],"replies":[{"embeddable":true,"href":"https:\/\/www.cesamakina.com\/en\/wp-json\/wp\/v2\/comments?post=33371160"}],"version-history":[{"count":0,"href":"https:\/\/www.cesamakina.com\/en\/wp-json\/wp\/v2\/pages\/33371160\/revisions"}],"up":[{"embeddable":true,"href":"https:\/\/www.cesamakina.com\/en\/wp-json\/wp\/v2\/pages\/33371162"}],"wp:attachment":[{"href":"https:\/\/www.cesamakina.com\/en\/wp-json\/wp\/v2\/media?parent=33371160"}],"curies":[{"name":"wp","href":"https:\/\/api.w.org\/{rel}","templated":true}]}}