{"id":33371150,"date":"2018-10-19T17:01:13","date_gmt":"2018-10-19T17:01:13","guid":{"rendered":"https:\/\/www.cesamakina.com\/iletisim\/"},"modified":"2018-10-19T17:01:13","modified_gmt":"2018-10-19T17:01:13","slug":"iletisim","status":"publish","type":"page","link":"https:\/\/www.cesamakina.com\/en\/iletisim\/","title":{"rendered":"\u0130LET\u0130\u015e\u0130M"},"content":{"rendered":"<p>{&#8220;main-title&#8221;:{&#8220;component&#8221;:&#8221;hc_title&#8221;,&#8221;id&#8221;:&#8221;main-title&#8221;,&#8221;title&#8221;:&#8221;\u0130LET\u0130\u015e\u0130M&#8221;,&#8221;subtitle&#8221;:&#8221;&#8221;,&#8221;title_content&#8221;:{&#8220;component&#8221;:&#8221;hc_title_empty&#8221;,&#8221;id&#8221;:&#8221;title-empty&#8221;}},&#8221;section_5ZtkF&#8221;:{&#8220;component&#8221;:&#8221;hc_section&#8221;,&#8221;id&#8221;:&#8221;section_5ZtkF&#8221;,&#8221;section_width&#8221;:&#8221;full-width&#8221;,&#8221;animation&#8221;:&#8221;&#8221;,&#8221;animation_time&#8221;:&#8221;&#8221;,&#8221;timeline_animation&#8221;:&#8221;&#8221;,&#8221;timeline_delay&#8221;:&#8221;&#8221;,&#8221;timeline_order&#8221;:&#8221;&#8221;,&#8221;vertical_row&#8221;:&#8221;&#8221;,&#8221;box_middle&#8221;:&#8221;&#8221;,&#8221;css_classes&#8221;:&#8221;no-paddings &#8220;,&#8221;custom_css_classes&#8221;:&#8221;&#8221;,&#8221;custom_css_styles&#8221;:&#8221;&#8221;,&#8221;section_content&#8221;:[{&#8220;component&#8221;:&#8221;hc_column&#8221;,&#8221;id&#8221;:&#8221;column_zymt7&#8243;,&#8221;column_width&#8221;:&#8221;col-md-12&#8243;,&#8221;animation&#8221;:&#8221;&#8221;,&#8221;animation_time&#8221;:&#8221;&#8221;,&#8221;timeline_animation&#8221;:&#8221;&#8221;,&#8221;timeline_delay&#8221;:&#8221;&#8221;,&#8221;timeline_order&#8221;:&#8221;&#8221;,&#8221;css_classes&#8221;:&#8221;&#8221;,&#8221;custom_css_classes&#8221;:&#8221;&#8221;,&#8221;custom_css_styles&#8221;:&#8221;&#8221;,&#8221;main_content&#8221;:[{&#8220;component&#8221;:&#8221;hc_code_block&#8221;,&#8221;id&#8221;:&#8221;tJDFU&#8221;,&#8221;css_classes&#8221;:&#8221;&#8221;,&#8221;custom_css_classes&#8221;:&#8221;map-responsive&#8221;,&#8221;custom_css_styles&#8221;:&#8221;&#8221;,&#8221;content&#8221;:&#8221;003c0069006600720061006d00650020007300720063003d002200680074007400700073003a002f002f007700770077002e0067006f006f0067006c0065002e0063006f006d002f006d006100700073002f0065006d006200650064003f00700062003d00210031006d0031003800210031006d0031003200210031006d00330021003100640032003600300032003500360039002e00330030003100370039003200360031003400210032006400320039002e0030003700350037003400360035003900320037003100300030003700210033006400340030002e00380032003900390030003500340032003400380036003500380033003500210032006d003300210031006600300021003200660030002100330066003000210033006d0032002100310069003100300032003400210032006900370036003800210034006600310033002e003100210033006d003300210031006d003200210031007300300078003100340063006200350061003900300062003300610061006500310064006600250033004100300078003700320034006200320031003000660038003200300036003700380030003200210032007a005300470046006a0078004c00450067005400580056007a006400470046006d005900530077006700530038004f0032006300320056007200770037005a0035004c004300410030004d005400490031004d00430042004c00590058004a0030005a00580042006c004c003000740076005900320046006c00620047006b002100350065003000210033006d00320021003100730074007200210032007300740072002100340076003100360031003600350037003200360038003300380032003600210035006d003200210031007300740072002100320073007400720022002000770069006400740068003d002200360030003000220020006800650069006700680074003d002200340035003000220020007300740079006c0065003d00220062006f0072006400650072003a0030003b002200200061006c006c006f007700660075006c006c00730063007200650065006e003d002200220020006c006f006100640069006e0067003d0022006c0061007a00790022003e003c002f0069006600720061006d0065003e&#8221;,&#8221;language&#8221;:&#8221;&#8221;}]}],&#8221;section_settings&#8221;:&#8221;&#8221;},&#8221;vrc3Y&#8221;:{&#8220;component&#8221;:&#8221;hc_section&#8221;,&#8221;id&#8221;:&#8221;vrc3Y&#8221;,&#8221;section_width&#8221;:&#8221;&#8221;,&#8221;animation&#8221;:&#8221;&#8221;,&#8221;animation_time&#8221;:&#8221;&#8221;,&#8221;timeline_animation&#8221;:&#8221;&#8221;,&#8221;timeline_delay&#8221;:&#8221;&#8221;,&#8221;timeline_order&#8221;:&#8221;&#8221;,&#8221;vertical_row&#8221;:&#8221;&#8221;,&#8221;box_middle&#8221;:&#8221;&#8221;,&#8221;css_classes&#8221;:&#8221;&#8221;,&#8221;custom_css_classes&#8221;:&#8221;&#8221;,&#8221;custom_css_styles&#8221;:&#8221;&#8221;,&#8221;section_content&#8221;:[{&#8220;component&#8221;:&#8221;hc_column&#8221;,&#8221;id&#8221;:&#8221;column_miKDt&#8221;,&#8221;column_width&#8221;:&#8221;col-md-12&#8243;,&#8221;animation&#8221;:&#8221;&#8221;,&#8221;animation_time&#8221;:&#8221;&#8221;,&#8221;timeline_animation&#8221;:&#8221;&#8221;,&#8221;timeline_delay&#8221;:&#8221;&#8221;,&#8221;timeline_order&#8221;:&#8221;&#8221;,&#8221;css_classes&#8221;:&#8221;col-center &#8220;,&#8221;custom_css_classes&#8221;:&#8221;&#8221;,&#8221;custom_css_styles&#8221;:&#8221;&#8221;,&#8221;main_content&#8221;:[{&#8220;component&#8221;:&#8221;hc_column&#8221;,&#8221;id&#8221;:&#8221;MrTpI&#8221;,&#8221;column_width&#8221;:&#8221;col-md-5&#8243;,&#8221;animation&#8221;:&#8221;&#8221;,&#8221;animation_time&#8221;:&#8221;&#8221;,&#8221;timeline_animation&#8221;:&#8221;&#8221;,&#8221;timeline_delay&#8221;:&#8221;&#8221;,&#8221;timeline_order&#8221;:&#8221;&#8221;,&#8221;css_classes&#8221;:&#8221;boxed-inverse col-sm-12 &#8220;,&#8221;custom_css_classes&#8221;:&#8221;&#8221;,&#8221;custom_css_styles&#8221;:&#8221;&#8221;,&#8221;main_content&#8221;:[{&#8220;component&#8221;:&#8221;hc_text_list&#8221;,&#8221;id&#8221;:&#8221;9vNPp&#8221;,&#8221;css_classes&#8221;:&#8221;&#8221;,&#8221;custom_css_classes&#8221;:&#8221;&#8221;,&#8221;custom_css_styles&#8221;:&#8221;&#8221;,&#8221;rows&#8221;:[{&#8220;component&#8221;:&#8221;repeater_item&#8221;,&#8221;id&#8221;:&#8221;otFyO&#8221;,&#8221;image_link&#8221;:&#8221;&#8221;,&#8221;title&#8221;:&#8221;Adres:&#8221;,&#8221;subtitle&#8221;:&#8221;K\u00f6sek\u00f6y Mh. Serincan Sk. No:42\/A-B 41080 Kartepe \/ Kocaeli&#8221;,&#8221;extra&#8221;:&#8221;&#8221;},{&#8220;component&#8221;:&#8221;repeater_item&#8221;,&#8221;id&#8221;:&#8221;gp5SL&#8221;,&#8221;image_link&#8221;:&#8221;&#8221;,&#8221;title&#8221;:&#8221;Telefon:&#8221;,&#8221;subtitle&#8221;:&#8221;<a href='tel:0 262 335 1007'>0 262 335 1007<\/a> &#8211;  <a href='tel:0 262 335 6131'>0 262 335 6131<\/a>&#8220;,&#8221;extra&#8221;:&#8221;&#8221;},{&#8220;component&#8221;:&#8221;repeater_item&#8221;,&#8221;id&#8221;:&#8221;7ywcv&#8221;,&#8221;image_link&#8221;:&#8221;&#8221;,&#8221;title&#8221;:&#8221;Fax:&#8221;,&#8221;subtitle&#8221;:&#8221;0 262 335 4723&#8243;,&#8221;extra&#8221;:&#8221;&#8221;},{&#8220;component&#8221;:&#8221;repeater_item&#8221;,&#8221;id&#8221;:&#8221;2Cpwo&#8221;,&#8221;image_link&#8221;:&#8221;&#8221;,&#8221;title&#8221;:&#8221;Email:&#8221;,&#8221;subtitle&#8221;:&#8221;bilgi@cesamakina.com&#8221;,&#8221;extra&#8221;:&#8221;&#8221;}],&#8221;style&#8221;:&#8221;&#8221;,&#8221;animation&#8221;:&#8221;&#8221;,&#8221;show_images&#8221;:false},{&#8220;component&#8221;:&#8221;hc_space&#8221;,&#8221;id&#8221;:&#8221;LZWgP&#8221;,&#8221;css_classes&#8221;:&#8221;&#8221;,&#8221;custom_css_classes&#8221;:&#8221;&#8221;,&#8221;custom_css_styles&#8221;:&#8221;&#8221;,&#8221;size&#8221;:&#8221;l&#8221;,&#8221;height&#8221;:&#8221;&#8221;},{&#8220;component&#8221;:&#8221;hc_social_share_buttons&#8221;,&#8221;id&#8221;:&#8221;fJRop&#8221;,&#8221;css_classes&#8221;:&#8221;&#8221;,&#8221;custom_css_classes&#8221;:&#8221;&#8221;,&#8221;custom_css_styles&#8221;:&#8221;&#8221;,&#8221;type&#8221;:&#8221;simple&#8221;,&#8221;position&#8221;:&#8221;left&#8221;,&#8221;link_type&#8221;:&#8221;share&#8221;,&#8221;text&#8221;:&#8221;Share&#8221;,&#8221;social_colors&#8221;:true,&#8221;fb&#8221;:true,&#8221;fb_link&#8221;:&#8221;&#8221;,&#8221;tw&#8221;:true,&#8221;tw_link&#8221;:&#8221;&#8221;,&#8221;g+&#8221;:true,&#8221;g+_link&#8221;:&#8221;&#8221;,&#8221;li&#8221;:true,&#8221;li_link&#8221;:&#8221;&#8221;}]},{&#8220;component&#8221;:&#8221;hc_column&#8221;,&#8221;id&#8221;:&#8221;Pj4i7&#8243;,&#8221;column_width&#8221;:&#8221;col-md-7&#8243;,&#8221;animation&#8221;:&#8221;&#8221;,&#8221;animation_time&#8221;:&#8221;&#8221;,&#8221;timeline_animation&#8221;:&#8221;&#8221;,&#8221;timeline_delay&#8221;:&#8221;&#8221;,&#8221;timeline_order&#8221;:&#8221;&#8221;,&#8221;css_classes&#8221;:&#8221;text-left col-sm-12 &#8220;,&#8221;custom_css_classes&#8221;:&#8221;&#8221;,&#8221;custom_css_styles&#8221;:&#8221;&#8221;,&#8221;main_content&#8221;:[{&#8220;component&#8221;:&#8221;hc_title_tag&#8221;,&#8221;id&#8221;:&#8221;Wft2S&#8221;,&#8221;css_classes&#8221;:&#8221;&#8221;,&#8221;custom_css_classes&#8221;:&#8221;&#8221;,&#8221;custom_css_styles&#8221;:&#8221;&#8221;,&#8221;text&#8221;:&#8221;\u0130LET\u0130\u015e\u0130ME GE\u00c7&#8221;,&#8221;tag&#8221;:&#8221;h2&#8243;},{&#8220;component&#8221;:&#8221;hc_text_block&#8221;,&#8221;id&#8221;:&#8221;NAWNB&#8221;,&#8221;css_classes&#8221;:&#8221;&#8221;,&#8221;custom_css_classes&#8221;:&#8221;&#8221;,&#8221;custom_css_styles&#8221;:&#8221;&#8221;,&#8221;content&#8221;:&#8221;Hemen a\u015fa\u011f\u0131daki formu doldurarak bizimle ileti\u015fime ge\u00e7ebilirsiniz!&#8221;},{&#8220;component&#8221;:&#8221;hc_space&#8221;,&#8221;id&#8221;:&#8221;HZbCw&#8221;,&#8221;css_classes&#8221;:&#8221;&#8221;,&#8221;custom_css_classes&#8221;:&#8221;&#8221;,&#8221;custom_css_styles&#8221;:&#8221;&#8221;,&#8221;size&#8221;:&#8221;m&#8221;,&#8221;height&#8221;:&#8221;&#8221;},{&#8220;component&#8221;:&#8221;hc_contact_form&#8221;,&#8221;id&#8221;:&#8221;uqZHP&#8221;,&#8221;css_classes&#8221;:&#8221;&#8221;,&#8221;custom_css_classes&#8221;:&#8221;&#8221;,&#8221;custom_css_styles&#8221;:&#8221;&#8221;,&#8221;rows&#8221;:[{&#8220;component&#8221;:&#8221;repeater_item&#8221;,&#8221;id&#8221;:&#8221;CyayA&#8221;,&#8221;input_type&#8221;:&#8221;text&#8221;,&#8221;column&#8221;:&#8221;col-md-12&#8243;,&#8221;required&#8221;:true,&#8221;text&#8221;:&#8221;\u0130sim Soyisim&#8221;},{&#8220;component&#8221;:&#8221;repeater_item&#8221;,&#8221;id&#8221;:&#8221;mIFYJ&#8221;,&#8221;input_type&#8221;:&#8221;email&#8221;,&#8221;column&#8221;:&#8221;col-md-6&#8243;,&#8221;required&#8221;:true,&#8221;text&#8221;:&#8221;Email&#8221;},{&#8220;component&#8221;:&#8221;repeater_item&#8221;,&#8221;id&#8221;:&#8221;WIhmT&#8221;,&#8221;input_type&#8221;:&#8221;number&#8221;,&#8221;column&#8221;:&#8221;col-md-6&#8243;,&#8221;required&#8221;:true,&#8221;text&#8221;:&#8221;Telefon Numaras\u0131&#8221;},{&#8220;component&#8221;:&#8221;repeater_item&#8221;,&#8221;id&#8221;:&#8221;M6djM&#8221;,&#8221;input_type&#8221;:&#8221;textarea&#8221;,&#8221;column&#8221;:&#8221;col-md-12&#8243;,&#8221;required&#8221;:true,&#8221;text&#8221;:&#8221;Mesaj\u0131n\u0131z&#8221;}],&#8221;recipient_email&#8221;:&#8221;noreply@cesamakina.com&#8221;,&#8221;subject&#8221;:&#8221;Web siteniz \u00fczerinden mesaj g\u00f6nderildi&#8221;,&#8221;label&#8221;:true,&#8221;placeholder&#8221;:false,&#8221;button_text&#8221;:&#8221;Mesaj G\u00f6nder&#8221;,&#8221;button_style&#8221;:&#8221;square&#8221;,&#8221;button_dimensions&#8221;:&#8221;btn-sm&#8221;,&#8221;button_animation&#8221;:false,&#8221;button_position&#8221;:&#8221;left&#8221;,&#8221;button_icon&#8221;:&#8221;&#8221;,&#8221;checkbox&#8221;:&#8221;&#8221;,&#8221;success_message&#8221;:&#8221;Mesaj\u0131n\u0131z ba\u015far\u0131l\u0131 bir \u015fekilde iletildi.&#8221;,&#8221;error_message&#8221;:&#8221;Hata. Mesaj\u0131n\u0131z iletilemedi.&#8221;}]}]}],&#8221;section_settings&#8221;:&#8221;&#8221;},&#8221;scripts&#8221;:{&#8220;contact_form&#8221;:&#8221;php\/contact-form.js&#8221;,&#8221;datepicker&#8221;:&#8221;php\/datepicker.min.js&#8221;},&#8221;css&#8221;:{&#8220;contact_form&#8221;:&#8221;scripts\/php\/contact-form.css&#8221;},&#8221;css_page&#8221;:&#8221;&#8221;,&#8221;template_setting&#8221;:{&#8220;settings&#8221;:{&#8220;id&#8221;:&#8221;settings&#8221;}},&#8221;template_setting_top&#8221;:{},&#8221;page_setting&#8221;:{&#8220;settings&#8221;:[&#8220;lock-mode-off&#8221;]}}<\/p>\n","protected":false},"excerpt":{"rendered":"<p>{&#8220;main-title&#8221;:{&#8220;component&#8221;:&#8221;hc_title&#8221;,&#8221;id&#8221;:&#8221;main-title&#8221;,&#8221;title&#8221;:&#8221;\u0130LET\u0130\u015e\u0130M&#8221;,&#8221;subtitle&#8221;:&#8221;&#8221;,&#8221;title_content&#8221;:{&#8220;component&#8221;:&#8221;hc_title_empty&#8221;,&#8221;id&#8221;:&#8221;title-empty&#8221;}},&#8221;section_5ZtkF&#8221;:{&#8220;component&#8221;:&#8221;hc_section&#8221;,&#8221;id&#8221;:&#8221;section_5ZtkF&#8221;,&#8221;section_width&#8221;:&#8221;full-width&#8221;,&#8221;animation&#8221;:&#8221;&#8221;,&#8221;animation_time&#8221;:&#8221;&#8221;,&#8221;timeline_animation&#8221;:&#8221;&#8221;,&#8221;timeline_delay&#8221;:&#8221;&#8221;,&#8221;timeline_order&#8221;:&#8221;&#8221;,&#8221;vertical_row&#8221;:&#8221;&#8221;,&#8221;box_middle&#8221;:&#8221;&#8221;,&#8221;css_classes&#8221;:&#8221;no-paddings &#8220;,&#8221;custom_css_classes&#8221;:&#8221;&#8221;,&#8221;custom_css_styles&#8221;:&#8221;&#8221;,&#8221;section_content&#8221;:[{&#8220;component&#8221;:&#8221;hc_column&#8221;,&#8221;id&#8221;:&#8221;column_zymt7&#8243;,&#8221;column_width&#8221;:&#8221;col-md-12&#8243;,&#8221;animation&#8221;:&#8221;&#8221;,&#8221;animation_time&#8221;:&#8221;&#8221;,&#8221;timeline_animation&#8221;:&#8221;&#8221;,&#8221;timeline_delay&#8221;:&#8221;&#8221;,&#8221;timeline_order&#8221;:&#8221;&#8221;,&#8221;css_classes&#8221;:&#8221;&#8221;,&#8221;custom_css_classes&#8221;:&#8221;&#8221;,&#8221;custom_css_styles&#8221;:&#8221;&#8221;,&#8221;main_content&#8221;:[{&#8220;component&#8221;:&#8221;hc_code_block&#8221;,&#8221;id&#8221;:&#8221;tJDFU&#8221;,&#8221;css_classes&#8221;:&#8221;&#8221;,&#8221;custom_css_classes&#8221;:&#8221;map-responsive&#8221;,&#8221;custom_css_styles&#8221;:&#8221;&#8221;,&#8221;content&#8221;:&#8221;003c0069006600720061006d00650020007300720063003d002200680074007400700073003a002f002f007700770077002e0067006f006f0067006c0065002e0063006f006d002f006d006100700073002f0065006d006200650064003f00700062003d00210031006d0031003800210031006d0031003200210031006d00330021003100640032003600300032003500360039002e00330030003100370039003200360031003400210032006400320039002e0030003700350037003400360035003900320037003100300030003700210033006400340030002e00380032003900390030003500340032003400380036003500380033003500210032006d003300210031006600300021003200660030002100330066003000210033006d0032002100310069003100300032003400210032006900370036003800210034006600310033002e003100210033006d003300210031006d003200210031007300300078003100340063006200350061003900300062003300610061006500310064006600250033004100300078003700320034006200320031003000660038003200300036003700380030003200210032007a005300470046006a0078004c00450067005400580056007a006400470046006d005900530077006700530038004f0032006300320056007200770037005a0035004c004300410030004d005400490031004d00430042004c00590058004a0030005a00580042006c004c003000740076005900320046006c00620047006b002100350065003000210033006d00320021003100730074007200210032007300740072002100340076003100360031003600350037003200360038003300380032003600210035006d003200210031007300740072002100320073007400720022002000770069006400740068003d002200360030003000220020006800650069006700680074003d002200340035003000220020007300740079006c0065003d00220062006f0072006400650072003a0030003b002200200061006c006c006f007700660075006c006c00730063007200650065006e003d002200220020006c006f006100640069006e0067003d0022006c0061007a00790022003e003c002f0069006600720061006d0065003e&#8221;,&#8221;language&#8221;:&#8221;&#8221;}]}],&#8221;section_settings&#8221;:&#8221;&#8221;},&#8221;vrc3Y&#8221;:{&#8220;component&#8221;:&#8221;hc_section&#8221;,&#8221;id&#8221;:&#8221;vrc3Y&#8221;,&#8221;section_width&#8221;:&#8221;&#8221;,&#8221;animation&#8221;:&#8221;&#8221;,&#8221;animation_time&#8221;:&#8221;&#8221;,&#8221;timeline_animation&#8221;:&#8221;&#8221;,&#8221;timeline_delay&#8221;:&#8221;&#8221;,&#8221;timeline_order&#8221;:&#8221;&#8221;,&#8221;vertical_row&#8221;:&#8221;&#8221;,&#8221;box_middle&#8221;:&#8221;&#8221;,&#8221;css_classes&#8221;:&#8221;&#8221;,&#8221;custom_css_classes&#8221;:&#8221;&#8221;,&#8221;custom_css_styles&#8221;:&#8221;&#8221;,&#8221;section_content&#8221;:[{&#8220;component&#8221;:&#8221;hc_column&#8221;,&#8221;id&#8221;:&#8221;column_miKDt&#8221;,&#8221;column_width&#8221;:&#8221;col-md-12&#8243;,&#8221;animation&#8221;:&#8221;&#8221;,&#8221;animation_time&#8221;:&#8221;&#8221;,&#8221;timeline_animation&#8221;:&#8221;&#8221;,&#8221;timeline_delay&#8221;:&#8221;&#8221;,&#8221;timeline_order&#8221;:&#8221;&#8221;,&#8221;css_classes&#8221;:&#8221;col-center &#8220;,&#8221;custom_css_classes&#8221;:&#8221;&#8221;,&#8221;custom_css_styles&#8221;:&#8221;&#8221;,&#8221;main_content&#8221;:[{&#8220;component&#8221;:&#8221;hc_column&#8221;,&#8221;id&#8221;:&#8221;MrTpI&#8221;,&#8221;column_width&#8221;:&#8221;col-md-5&#8243;,&#8221;animation&#8221;:&#8221;&#8221;,&#8221;animation_time&#8221;:&#8221;&#8221;,&#8221;timeline_animation&#8221;:&#8221;&#8221;,&#8221;timeline_delay&#8221;:&#8221;&#8221;,&#8221;timeline_order&#8221;:&#8221;&#8221;,&#8221;css_classes&#8221;:&#8221;boxed-inverse col-sm-12 &#8220;,&#8221;custom_css_classes&#8221;:&#8221;&#8221;,&#8221;custom_css_styles&#8221;:&#8221;&#8221;,&#8221;main_content&#8221;:[{&#8220;component&#8221;:&#8221;hc_text_list&#8221;,&#8221;id&#8221;:&#8221;9vNPp&#8221;,&#8221;css_classes&#8221;:&#8221;&#8221;,&#8221;custom_css_classes&#8221;:&#8221;&#8221;,&#8221;custom_css_styles&#8221;:&#8221;&#8221;,&#8221;rows&#8221;:[{&#8220;component&#8221;:&#8221;repeater_item&#8221;,&#8221;id&#8221;:&#8221;otFyO&#8221;,&#8221;image_link&#8221;:&#8221;&#8221;,&#8221;title&#8221;:&#8221;Adres:&#8221;,&#8221;subtitle&#8221;:&#8221;K\u00f6sek\u00f6y Mh. Serincan Sk. No:42\/A-B 41080 Kartepe \/ Kocaeli&#8221;,&#8221;extra&#8221;:&#8221;&#8221;},{&#8220;component&#8221;:&#8221;repeater_item&#8221;,&#8221;id&#8221;:&#8221;gp5SL&#8221;,&#8221;image_link&#8221;:&#8221;&#8221;,&#8221;title&#8221;:&#8221;Telefon:&#8221;,&#8221;subtitle&#8221;:&#8221;0 262 335 1007 &#8211; 0 262 335 6131&#8220;,&#8221;extra&#8221;:&#8221;&#8221;},{&#8220;component&#8221;:&#8221;repeater_item&#8221;,&#8221;id&#8221;:&#8221;7ywcv&#8221;,&#8221;image_link&#8221;:&#8221;&#8221;,&#8221;title&#8221;:&#8221;Fax:&#8221;,&#8221;subtitle&#8221;:&#8221;0 262 335 4723&#8243;,&#8221;extra&#8221;:&#8221;&#8221;},{&#8220;component&#8221;:&#8221;repeater_item&#8221;,&#8221;id&#8221;:&#8221;2Cpwo&#8221;,&#8221;image_link&#8221;:&#8221;&#8221;,&#8221;title&#8221;:&#8221;Email:&#8221;,&#8221;subtitle&#8221;:&#8221;bilgi@cesamakina.com&#8221;,&#8221;extra&#8221;:&#8221;&#8221;}],&#8221;style&#8221;:&#8221;&#8221;,&#8221;animation&#8221;:&#8221;&#8221;,&#8221;show_images&#8221;:false},{&#8220;component&#8221;:&#8221;hc_space&#8221;,&#8221;id&#8221;:&#8221;LZWgP&#8221;,&#8221;css_classes&#8221;:&#8221;&#8221;,&#8221;custom_css_classes&#8221;:&#8221;&#8221;,&#8221;custom_css_styles&#8221;:&#8221;&#8221;,&#8221;size&#8221;:&#8221;l&#8221;,&#8221;height&#8221;:&#8221;&#8221;},{&#8220;component&#8221;:&#8221;hc_social_share_buttons&#8221;,&#8221;id&#8221;:&#8221;fJRop&#8221;,&#8221;css_classes&#8221;:&#8221;&#8221;,&#8221;custom_css_classes&#8221;:&#8221;&#8221;,&#8221;custom_css_styles&#8221;:&#8221;&#8221;,&#8221;type&#8221;:&#8221;simple&#8221;,&#8221;position&#8221;:&#8221;left&#8221;,&#8221;link_type&#8221;:&#8221;share&#8221;,&#8221;text&#8221;:&#8221;Share&#8221;,&#8221;social_colors&#8221;:true,&#8221;fb&#8221;:true,&#8221;fb_link&#8221;:&#8221;&#8221;,&#8221;tw&#8221;:true,&#8221;tw_link&#8221;:&#8221;&#8221;,&#8221;g+&#8221;:true,&#8221;g+_link&#8221;:&#8221;&#8221;,&#8221;li&#8221;:true,&#8221;li_link&#8221;:&#8221;&#8221;}]},{&#8220;component&#8221;:&#8221;hc_column&#8221;,&#8221;id&#8221;:&#8221;Pj4i7&#8243;,&#8221;column_width&#8221;:&#8221;col-md-7&#8243;,&#8221;animation&#8221;:&#8221;&#8221;,&#8221;animation_time&#8221;:&#8221;&#8221;,&#8221;timeline_animation&#8221;:&#8221;&#8221;,&#8221;timeline_delay&#8221;:&#8221;&#8221;,&#8221;timeline_order&#8221;:&#8221;&#8221;,&#8221;css_classes&#8221;:&#8221;text-left col-sm-12 &#8220;,&#8221;custom_css_classes&#8221;:&#8221;&#8221;,&#8221;custom_css_styles&#8221;:&#8221;&#8221;,&#8221;main_content&#8221;:[{&#8220;component&#8221;:&#8221;hc_title_tag&#8221;,&#8221;id&#8221;:&#8221;Wft2S&#8221;,&#8221;css_classes&#8221;:&#8221;&#8221;,&#8221;custom_css_classes&#8221;:&#8221;&#8221;,&#8221;custom_css_styles&#8221;:&#8221;&#8221;,&#8221;text&#8221;:&#8221;\u0130LET\u0130\u015e\u0130ME GE\u00c7&#8221;,&#8221;tag&#8221;:&#8221;h2&#8243;},{&#8220;component&#8221;:&#8221;hc_text_block&#8221;,&#8221;id&#8221;:&#8221;NAWNB&#8221;,&#8221;css_classes&#8221;:&#8221;&#8221;,&#8221;custom_css_classes&#8221;:&#8221;&#8221;,&#8221;custom_css_styles&#8221;:&#8221;&#8221;,&#8221;content&#8221;:&#8221;Hemen a\u015fa\u011f\u0131daki formu doldurarak bizimle ileti\u015fime ge\u00e7ebilirsiniz!&#8221;},{&#8220;component&#8221;:&#8221;hc_space&#8221;,&#8221;id&#8221;:&#8221;HZbCw&#8221;,&#8221;css_classes&#8221;:&#8221;&#8221;,&#8221;custom_css_classes&#8221;:&#8221;&#8221;,&#8221;custom_css_styles&#8221;:&#8221;&#8221;,&#8221;size&#8221;:&#8221;m&#8221;,&#8221;height&#8221;:&#8221;&#8221;},{&#8220;component&#8221;:&#8221;hc_contact_form&#8221;,&#8221;id&#8221;:&#8221;uqZHP&#8221;,&#8221;css_classes&#8221;:&#8221;&#8221;,&#8221;custom_css_classes&#8221;:&#8221;&#8221;,&#8221;custom_css_styles&#8221;:&#8221;&#8221;,&#8221;rows&#8221;:[{&#8220;component&#8221;:&#8221;repeater_item&#8221;,&#8221;id&#8221;:&#8221;CyayA&#8221;,&#8221;input_type&#8221;:&#8221;text&#8221;,&#8221;column&#8221;:&#8221;col-md-12&#8243;,&#8221;required&#8221;:true,&#8221;text&#8221;:&#8221;\u0130sim Soyisim&#8221;},{&#8220;component&#8221;:&#8221;repeater_item&#8221;,&#8221;id&#8221;:&#8221;mIFYJ&#8221;,&#8221;input_type&#8221;:&#8221;email&#8221;,&#8221;column&#8221;:&#8221;col-md-6&#8243;,&#8221;required&#8221;:true,&#8221;text&#8221;:&#8221;Email&#8221;},{&#8220;component&#8221;:&#8221;repeater_item&#8221;,&#8221;id&#8221;:&#8221;WIhmT&#8221;,&#8221;input_type&#8221;:&#8221;number&#8221;,&#8221;column&#8221;:&#8221;col-md-6&#8243;,&#8221;required&#8221;:true,&#8221;text&#8221;:&#8221;Telefon Numaras\u0131&#8221;},{&#8220;component&#8221;:&#8221;repeater_item&#8221;,&#8221;id&#8221;:&#8221;M6djM&#8221;,&#8221;input_type&#8221;:&#8221;textarea&#8221;,&#8221;column&#8221;:&#8221;col-md-12&#8243;,&#8221;required&#8221;:true,&#8221;text&#8221;:&#8221;Mesaj\u0131n\u0131z&#8221;}],&#8221;recipient_email&#8221;:&#8221;noreply@cesamakina.com&#8221;,&#8221;subject&#8221;:&#8221;Web siteniz \u00fczerinden mesaj g\u00f6nderildi&#8221;,&#8221;label&#8221;:true,&#8221;placeholder&#8221;:false,&#8221;button_text&#8221;:&#8221;Mesaj G\u00f6nder&#8221;,&#8221;button_style&#8221;:&#8221;square&#8221;,&#8221;button_dimensions&#8221;:&#8221;btn-sm&#8221;,&#8221;button_animation&#8221;:false,&#8221;button_position&#8221;:&#8221;left&#8221;,&#8221;button_icon&#8221;:&#8221;&#8221;,&#8221;checkbox&#8221;:&#8221;&#8221;,&#8221;success_message&#8221;:&#8221;Mesaj\u0131n\u0131z ba\u015far\u0131l\u0131 bir \u015fekilde iletildi.&#8221;,&#8221;error_message&#8221;:&#8221;Hata. Mesaj\u0131n\u0131z iletilemedi.&#8221;}]}]}],&#8221;section_settings&#8221;:&#8221;&#8221;},&#8221;scripts&#8221;:{&#8220;contact_form&#8221;:&#8221;php\/contact-form.js&#8221;,&#8221;datepicker&#8221;:&#8221;php\/datepicker.min.js&#8221;},&#8221;css&#8221;:{&#8220;contact_form&#8221;:&#8221;scripts\/php\/contact-form.css&#8221;},&#8221;css_page&#8221;:&#8221;&#8221;,&#8221;template_setting&#8221;:{&#8220;settings&#8221;:{&#8220;id&#8221;:&#8221;settings&#8221;}},&#8221;template_setting_top&#8221;:{},&#8221;page_setting&#8221;:{&#8220;settings&#8221;:[&#8220;lock-mode-off&#8221;]}}<\/p>\n","protected":false},"author":1,"featured_media":0,"parent":0,"menu_order":0,"comment_status":"closed","ping_status":"closed","template":"","meta":[],"_links":{"self":[{"href":"https:\/\/www.cesamakina.com\/en\/wp-json\/wp\/v2\/pages\/33371150"}],"collection":[{"href":"https:\/\/www.cesamakina.com\/en\/wp-json\/wp\/v2\/pages"}],"about":[{"href":"https:\/\/www.cesamakina.com\/en\/wp-json\/wp\/v2\/types\/page"}],"author":[{"embeddable":true,"href":"https:\/\/www.cesamakina.com\/en\/wp-json\/wp\/v2\/users\/1"}],"replies":[{"embeddable":true,"href":"https:\/\/www.cesamakina.com\/en\/wp-json\/wp\/v2\/comments?post=33371150"}],"version-history":[{"count":0,"href":"https:\/\/www.cesamakina.com\/en\/wp-json\/wp\/v2\/pages\/33371150\/revisions"}],"wp:attachment":[{"href":"https:\/\/www.cesamakina.com\/en\/wp-json\/wp\/v2\/media?parent=33371150"}],"curies":[{"name":"wp","href":"https:\/\/api.w.org\/{rel}","templated":true}]}}